{"id":1024,"date":"2025-03-20T13:21:19","date_gmt":"2025-03-20T13:21:19","guid":{"rendered":"https:\/\/casteels-eriksson.com\/\/renovar\/reform-project-monte-y-mar\/"},"modified":"2025-03-28T12:03:24","modified_gmt":"2025-03-28T12:03:24","slug":"proyecto-de-reforma-monte-y-mar","status":"publish","type":"page","link":"https:\/\/casteels-eriksson.com\/es\/renovar\/proyecto-de-reforma-monte-y-mar\/","title":{"rendered":"Monte y Mar"},"content":{"rendered":"\n<div class=\"wp-block-group intro-renovations\"><div class=\"wp-block-group__inner-container is-layout-constrained wp-block-group-is-layout-constrained\">\n<h1 class=\"wp-block-heading\">Monte y Mar<\/h1>\n\n\n\n<p>RINCON DE LA VICTORIA<\/p>\n\n\n<div class=\"property-details\">\n\t\t<div class=\"share-post-button\">\n\t\t\t<div class=\"btn-group\" role=\"group\">\n\t\t\t\t<button id=\"btnGroupDrop1\" type=\"button\" class=\"btn btn btn-tertiary w-100 download dropdown-toggle\" data-bs-toggle=\"dropdown\" aria-expanded=\"false\">\n\t\t\t\t\t<img decoding=\"async\" src=\"\/wp-content\/themes\/CasteelsEriksson\/images\/icons\/share-arrow.svg\" width=\"18\" height=\"16\"> Share \n\t\t\t\t<\/button>\n\t\t\t\t<ul class=\"dropdown-menu\" aria-labelledby=\"btnGroupDrop1\">\n\t\t\t\t\t<li><a class=\"dropdown-item\" target=\"blank\" href=\"mailto:?subject=Monte y Mar&body=https:\/\/casteels-eriksson.com\/es\/renovar\/proyecto-de-reforma-monte-y-mar\/\">E-mail<\/a><\/li>\n\t\t\t\t\t<li><a class=\"dropdown-item\" target=\"blank\" href=\"whatsapp:\/\/send?text=https:\/\/casteels-eriksson.com\/es\/renovar\/proyecto-de-reforma-monte-y-mar\/\" data-action=\"share\/whatsapp\/share\">Whatsapp<\/a><\/li>\n\t\t\t\t\t<!-- <li><a class=\"dropdown-item\" target=\"blank\" href=\"https:\/\/www.facebook.com\/sharer\/sharer.php?u=https:\/\/casteels-eriksson.com\/es\/renovar\/proyecto-de-reforma-monte-y-mar\/\">Facebook<\/a><\/li>\n\t\t\t\t\t<li><a class=\"dropdown-item\" target=\"blank\" href=\"https:\/\/twitter.com\/intent\/tweet?url=https:\/\/casteels-eriksson.com\/es\/renovar\/proyecto-de-reforma-monte-y-mar\/\">Twitter<\/a><\/li>\n\t\t\t\t\t<li><a class=\"dropdown-item\" target=\"blank\" href=\"https:\/\/www.linkedin.com\/shareArticle?mini=true&url=https:\/\/casteels-eriksson.com\/es\/renovar\/proyecto-de-reforma-monte-y-mar\/\">Linkedin<\/a><\/li> -->\n\t\t\t\t<\/ul>\n\t\t\t<\/div>\n\t\t<\/div>\n\t<\/div>\n<\/div><\/div>\n\n\n\n<div class=\"wp-block-group section-renovation\"><div class=\"wp-block-group__inner-container is-layout-constrained wp-block-group-is-layout-constrained\">\n<h2 class=\"wp-block-heading\">De Ruina a Espectacular<\/h2>\n\n\n\n<p>Lo que antes era una casa en ruinas, con poco m\u00e1s que una impresionante vista al mar, se ha transformado en una espectacular villa moderna. La antigua y anticuada distribuci\u00f3n de 2 dormitorios y 1 ba\u00f1o dio paso a una espaciosa vivienda de 3 dormitorios y 3 ba\u00f1os, dise\u00f1ada para un estilo de vida contempor\u00e1neo.<\/p>\n\n\n\n<p>Abrimos los interiores para crear un espacio amplio y luminoso que se conecta perfectamente con una elegante terraza y piscina, maximizando las espectaculares vistas al Mediterr\u00e1neo.<\/p>\n\n\n\n<p>Desliza por las galer\u00edas para ver la incre\u00edble transformaci\u00f3n:<\/p>\n\n\n\n<ul class=\"wp-block-list\">\n<li><strong>Antes:<\/strong> Exteriores descuidados, interiores anticuados y un jard\u00edn abandonado.<\/li>\n\n\n\n<li><strong>Despu\u00e9s:<\/strong> L\u00edneas limpias, estancias luminosas, acabados modernos y una piscina privada con vistas inmejorables.<\/li>\n<\/ul>\n<\/div><\/div>\n\n\n\n<div class=\"wp-block-group section-renovation\"><div class=\"wp-block-group__inner-container is-layout-constrained wp-block-group-is-layout-constrained\">\n<h2 class=\"wp-block-heading\">La Vivienda Original:<\/h2>\n\n\n\n<figure class=\"wp-block-gallery has-nested-images columns-default is-cropped slider-renovation wp-block-gallery-1 is-layout-flex wp-block-gallery-is-layout-flex\">\n<figure class=\"wp-block-image size-full\"><img decoding=\"async\" width=\"1080\" height=\"720\" data-id=\"836\" src=\"https:\/\/casteels-eriksson.com\/\/wp-content\/uploads\/2025\/03\/monte-y-mar-old-outside1.jpg\" alt=\"\" class=\"wp-image-836\" srcset=\"https:\/\/casteels-eriksson.com\/wp-content\/uploads\/2025\/03\/monte-y-mar-old-outside1.jpg 1080w, https:\/\/casteels-eriksson.com\/wp-content\/uploads\/2025\/03\/monte-y-mar-old-outside1-300x200.jpg 300w, https:\/\/casteels-eriksson.com\/wp-content\/uploads\/2025\/03\/monte-y-mar-old-outside1-1024x683.jpg 1024w, https:\/\/casteels-eriksson.com\/wp-content\/uploads\/2025\/03\/monte-y-mar-old-outside1-768x512.jpg 768w\" sizes=\"(max-width: 1080px) 100vw, 1080px\" \/><\/figure>\n\n\n\n<figure class=\"wp-block-image size-full\"><img decoding=\"async\" width=\"1080\" height=\"720\" data-id=\"839\" src=\"https:\/\/casteels-eriksson.com\/\/wp-content\/uploads\/2025\/03\/monte-y-mar-old-outside2.jpg\" alt=\"\" class=\"wp-image-839\" srcset=\"https:\/\/casteels-eriksson.com\/wp-content\/uploads\/2025\/03\/monte-y-mar-old-outside2.jpg 1080w, https:\/\/casteels-eriksson.com\/wp-content\/uploads\/2025\/03\/monte-y-mar-old-outside2-300x200.jpg 300w, https:\/\/casteels-eriksson.com\/wp-content\/uploads\/2025\/03\/monte-y-mar-old-outside2-1024x683.jpg 1024w, https:\/\/casteels-eriksson.com\/wp-content\/uploads\/2025\/03\/monte-y-mar-old-outside2-768x512.jpg 768w\" sizes=\"(max-width: 1080px) 100vw, 1080px\" \/><\/figure>\n\n\n\n<figure class=\"wp-block-image size-full\"><img decoding=\"async\" width=\"1080\" height=\"720\" data-id=\"845\" src=\"https:\/\/casteels-eriksson.com\/\/wp-content\/uploads\/2025\/03\/monte-y-mar-old-outside3.jpg\" alt=\"\" class=\"wp-image-845\" srcset=\"https:\/\/casteels-eriksson.com\/wp-content\/uploads\/2025\/03\/monte-y-mar-old-outside3.jpg 1080w, https:\/\/casteels-eriksson.com\/wp-content\/uploads\/2025\/03\/monte-y-mar-old-outside3-300x200.jpg 300w, https:\/\/casteels-eriksson.com\/wp-content\/uploads\/2025\/03\/monte-y-mar-old-outside3-1024x683.jpg 1024w, https:\/\/casteels-eriksson.com\/wp-content\/uploads\/2025\/03\/monte-y-mar-old-outside3-768x512.jpg 768w\" sizes=\"(max-width: 1080px) 100vw, 1080px\" \/><\/figure>\n\n\n\n<figure class=\"wp-block-image size-full\"><img decoding=\"async\" width=\"1080\" height=\"720\" data-id=\"837\" src=\"https:\/\/casteels-eriksson.com\/\/wp-content\/uploads\/2025\/03\/monte-y-mar-old-outside4.jpg\" alt=\"\" class=\"wp-image-837\" srcset=\"https:\/\/casteels-eriksson.com\/wp-content\/uploads\/2025\/03\/monte-y-mar-old-outside4.jpg 1080w, https:\/\/casteels-eriksson.com\/wp-content\/uploads\/2025\/03\/monte-y-mar-old-outside4-300x200.jpg 300w, https:\/\/casteels-eriksson.com\/wp-content\/uploads\/2025\/03\/monte-y-mar-old-outside4-1024x683.jpg 1024w, https:\/\/casteels-eriksson.com\/wp-content\/uploads\/2025\/03\/monte-y-mar-old-outside4-768x512.jpg 768w\" sizes=\"(max-width: 1080px) 100vw, 1080px\" \/><\/figure>\n\n\n\n<figure class=\"wp-block-image size-full\"><img decoding=\"async\" width=\"1080\" height=\"720\" data-id=\"848\" src=\"https:\/\/casteels-eriksson.com\/\/wp-content\/uploads\/2025\/03\/monte-y-mar-old-outside5.jpg\" alt=\"\" class=\"wp-image-848\" srcset=\"https:\/\/casteels-eriksson.com\/wp-content\/uploads\/2025\/03\/monte-y-mar-old-outside5.jpg 1080w, https:\/\/casteels-eriksson.com\/wp-content\/uploads\/2025\/03\/monte-y-mar-old-outside5-300x200.jpg 300w, https:\/\/casteels-eriksson.com\/wp-content\/uploads\/2025\/03\/monte-y-mar-old-outside5-1024x683.jpg 1024w, https:\/\/casteels-eriksson.com\/wp-content\/uploads\/2025\/03\/monte-y-mar-old-outside5-768x512.jpg 768w\" sizes=\"(max-width: 1080px) 100vw, 1080px\" \/><\/figure>\n\n\n\n<figure class=\"wp-block-image size-full\"><img decoding=\"async\" width=\"1080\" height=\"720\" data-id=\"851\" src=\"https:\/\/casteels-eriksson.com\/\/wp-content\/uploads\/2025\/03\/monte-y-mar-old-outside6.jpg\" alt=\"\" class=\"wp-image-851\" srcset=\"https:\/\/casteels-eriksson.com\/wp-content\/uploads\/2025\/03\/monte-y-mar-old-outside6.jpg 1080w, https:\/\/casteels-eriksson.com\/wp-content\/uploads\/2025\/03\/monte-y-mar-old-outside6-300x200.jpg 300w, https:\/\/casteels-eriksson.com\/wp-content\/uploads\/2025\/03\/monte-y-mar-old-outside6-1024x683.jpg 1024w, https:\/\/casteels-eriksson.com\/wp-content\/uploads\/2025\/03\/monte-y-mar-old-outside6-768x512.jpg 768w\" sizes=\"(max-width: 1080px) 100vw, 1080px\" \/><\/figure>\n\n\n\n<figure class=\"wp-block-image size-full\"><img decoding=\"async\" width=\"1080\" height=\"720\" data-id=\"857\" src=\"https:\/\/casteels-eriksson.com\/\/wp-content\/uploads\/2025\/03\/monte-y-mar-old-inside-1.jpg\" alt=\"\" class=\"wp-image-857\" srcset=\"https:\/\/casteels-eriksson.com\/wp-content\/uploads\/2025\/03\/monte-y-mar-old-inside-1.jpg 1080w, https:\/\/casteels-eriksson.com\/wp-content\/uploads\/2025\/03\/monte-y-mar-old-inside-1-300x200.jpg 300w, https:\/\/casteels-eriksson.com\/wp-content\/uploads\/2025\/03\/monte-y-mar-old-inside-1-1024x683.jpg 1024w, https:\/\/casteels-eriksson.com\/wp-content\/uploads\/2025\/03\/monte-y-mar-old-inside-1-768x512.jpg 768w\" sizes=\"(max-width: 1080px) 100vw, 1080px\" \/><\/figure>\n\n\n\n<figure class=\"wp-block-image size-full\"><img decoding=\"async\" width=\"1080\" height=\"720\" data-id=\"860\" src=\"https:\/\/casteels-eriksson.com\/\/wp-content\/uploads\/2025\/03\/monte-y-mar-old-inside-2.jpg\" alt=\"\" class=\"wp-image-860\" srcset=\"https:\/\/casteels-eriksson.com\/wp-content\/uploads\/2025\/03\/monte-y-mar-old-inside-2.jpg 1080w, https:\/\/casteels-eriksson.com\/wp-content\/uploads\/2025\/03\/monte-y-mar-old-inside-2-300x200.jpg 300w, https:\/\/casteels-eriksson.com\/wp-content\/uploads\/2025\/03\/monte-y-mar-old-inside-2-1024x683.jpg 1024w, https:\/\/casteels-eriksson.com\/wp-content\/uploads\/2025\/03\/monte-y-mar-old-inside-2-768x512.jpg 768w\" sizes=\"(max-width: 1080px) 100vw, 1080px\" \/><\/figure>\n\n\n\n<figure class=\"wp-block-image size-full\"><img decoding=\"async\" width=\"1080\" height=\"720\" data-id=\"863\" src=\"https:\/\/casteels-eriksson.com\/\/wp-content\/uploads\/2025\/03\/monte-y-mar-old-inside-3.jpg\" alt=\"\" class=\"wp-image-863\" srcset=\"https:\/\/casteels-eriksson.com\/wp-content\/uploads\/2025\/03\/monte-y-mar-old-inside-3.jpg 1080w, https:\/\/casteels-eriksson.com\/wp-content\/uploads\/2025\/03\/monte-y-mar-old-inside-3-300x200.jpg 300w, https:\/\/casteels-eriksson.com\/wp-content\/uploads\/2025\/03\/monte-y-mar-old-inside-3-1024x683.jpg 1024w, https:\/\/casteels-eriksson.com\/wp-content\/uploads\/2025\/03\/monte-y-mar-old-inside-3-768x512.jpg 768w\" sizes=\"(max-width: 1080px) 100vw, 1080px\" \/><\/figure>\n\n\n\n<figure class=\"wp-block-image size-full\"><img decoding=\"async\" width=\"720\" height=\"1080\" data-id=\"866\" src=\"https:\/\/casteels-eriksson.com\/\/wp-content\/uploads\/2025\/03\/monte-y-mar-old-inside-5.jpg\" alt=\"\" class=\"wp-image-866\" srcset=\"https:\/\/casteels-eriksson.com\/wp-content\/uploads\/2025\/03\/monte-y-mar-old-inside-5.jpg 720w, https:\/\/casteels-eriksson.com\/wp-content\/uploads\/2025\/03\/monte-y-mar-old-inside-5-200x300.jpg 200w, https:\/\/casteels-eriksson.com\/wp-content\/uploads\/2025\/03\/monte-y-mar-old-inside-5-683x1024.jpg 683w\" sizes=\"(max-width: 720px) 100vw, 720px\" \/><\/figure>\n\n\n\n<figure class=\"wp-block-image size-full\"><img decoding=\"async\" width=\"1080\" height=\"720\" data-id=\"854\" src=\"https:\/\/casteels-eriksson.com\/\/wp-content\/uploads\/2025\/03\/monte-y-mar-old-inside-6.jpg\" alt=\"\" class=\"wp-image-854\" srcset=\"https:\/\/casteels-eriksson.com\/wp-content\/uploads\/2025\/03\/monte-y-mar-old-inside-6.jpg 1080w, https:\/\/casteels-eriksson.com\/wp-content\/uploads\/2025\/03\/monte-y-mar-old-inside-6-300x200.jpg 300w, https:\/\/casteels-eriksson.com\/wp-content\/uploads\/2025\/03\/monte-y-mar-old-inside-6-1024x683.jpg 1024w, https:\/\/casteels-eriksson.com\/wp-content\/uploads\/2025\/03\/monte-y-mar-old-inside-6-768x512.jpg 768w\" sizes=\"(max-width: 1080px) 100vw, 1080px\" \/><\/figure>\n<\/figure>\n<\/div><\/div>\n\n\n\n<div class=\"wp-block-group section-renovation\"><div class=\"wp-block-group__inner-container is-layout-constrained wp-block-group-is-layout-constrained\">\n<h2 class=\"wp-block-heading\">Despu\u00e9s de la Reforma<\/h2>\n\n\n\n<p>De gloria pasada a lujo refinado. Esta vivienda recibi\u00f3 una transformaci\u00f3n total: una distribuci\u00f3n inteligente, acabados modernos y una zona de estar abierta que conecta sin esfuerzo el interior con el exterior. Cada estancia ha sido dise\u00f1ada para maximizar las vistas y el confort.<\/p>\n<\/div><\/div>\n","protected":false},"excerpt":{"rendered":"<p>Monte y Mar RINCON DE LA VICTORIA De Ruina a Espectacular Lo que antes era una casa en ruinas, con poco m\u00e1s que una impresionante vista al mar, se ha transformado en una espectacular villa&#8230;<\/p>\n","protected":false},"author":1,"featured_media":879,"parent":44,"menu_order":0,"comment_status":"closed","ping_status":"closed","template":"page-renovation.php","meta":{"_acf_changed":false,"inline_featured_image":false,"footnotes":""},"class_list":["post-1024","page","type-page","status-publish","has-post-thumbnail","hentry"],"acf":[],"yoast_head":"<!-- This site is optimized with the Yoast SEO plugin v27.3 - https:\/\/yoast.com\/product\/yoast-seo-wordpress\/ -->\n<title>Monte y Mar - Casteels &amp; Eriksson<\/title>\n<meta name=\"robots\" content=\"index, follow, max-snippet:-1, max-image-preview:large, max-video-preview:-1\" \/>\n<link rel=\"canonical\" href=\"https:\/\/casteels-eriksson.com\/es\/renovar\/proyecto-de-reforma-monte-y-mar\/\" \/>\n<meta property=\"og:locale\" content=\"es_ES\" \/>\n<meta property=\"og:type\" content=\"article\" \/>\n<meta property=\"og:title\" content=\"Monte y Mar - Casteels &amp; Eriksson\" \/>\n<meta property=\"og:description\" content=\"Monte y Mar RINCON DE LA VICTORIA De Ruina a Espectacular Lo que antes era una casa en ruinas, con poco m\u00e1s que una impresionante vista al mar, se ha transformado en una espectacular villa...\" \/>\n<meta property=\"og:url\" content=\"https:\/\/casteels-eriksson.com\/es\/renovar\/proyecto-de-reforma-monte-y-mar\/\" \/>\n<meta property=\"og:site_name\" content=\"Casteels &amp; Eriksson\" \/>\n<meta property=\"article:modified_time\" content=\"2025-03-28T12:03:24+00:00\" \/>\n<meta property=\"og:image\" content=\"https:\/\/casteels-eriksson.com\/wp-content\/uploads\/2025\/03\/monte-y-mar-new-exterior-0.jpg\" \/>\n\t<meta property=\"og:image:width\" content=\"1080\" \/>\n\t<meta property=\"og:image:height\" content=\"810\" \/>\n\t<meta property=\"og:image:type\" content=\"image\/jpeg\" \/>\n<meta name=\"twitter:card\" content=\"summary_large_image\" \/>\n<meta name=\"twitter:label1\" content=\"Tiempo de lectura\" \/>\n\t<meta name=\"twitter:data1\" content=\"4 minutos\" \/>\n<script type=\"application\/ld+json\" class=\"yoast-schema-graph\">{\"@context\":\"https:\\\/\\\/schema.org\",\"@graph\":[{\"@type\":\"WebPage\",\"@id\":\"https:\\\/\\\/casteels-eriksson.com\\\/es\\\/renovar\\\/proyecto-de-reforma-monte-y-mar\\\/\",\"url\":\"https:\\\/\\\/casteels-eriksson.com\\\/es\\\/renovar\\\/proyecto-de-reforma-monte-y-mar\\\/\",\"name\":\"Monte y Mar - Casteels &amp; Eriksson\",\"isPartOf\":{\"@id\":\"https:\\\/\\\/casteels-eriksson.com\\\/es\\\/#website\"},\"primaryImageOfPage\":{\"@id\":\"https:\\\/\\\/casteels-eriksson.com\\\/es\\\/renovar\\\/proyecto-de-reforma-monte-y-mar\\\/#primaryimage\"},\"image\":{\"@id\":\"https:\\\/\\\/casteels-eriksson.com\\\/es\\\/renovar\\\/proyecto-de-reforma-monte-y-mar\\\/#primaryimage\"},\"thumbnailUrl\":\"https:\\\/\\\/casteels-eriksson.com\\\/wp-content\\\/uploads\\\/2025\\\/03\\\/monte-y-mar-new-exterior-0.jpg\",\"datePublished\":\"2025-03-20T13:21:19+00:00\",\"dateModified\":\"2025-03-28T12:03:24+00:00\",\"breadcrumb\":{\"@id\":\"https:\\\/\\\/casteels-eriksson.com\\\/es\\\/renovar\\\/proyecto-de-reforma-monte-y-mar\\\/#breadcrumb\"},\"inLanguage\":\"es\",\"potentialAction\":[{\"@type\":\"ReadAction\",\"target\":[\"https:\\\/\\\/casteels-eriksson.com\\\/es\\\/renovar\\\/proyecto-de-reforma-monte-y-mar\\\/\"]}]},{\"@type\":\"ImageObject\",\"inLanguage\":\"es\",\"@id\":\"https:\\\/\\\/casteels-eriksson.com\\\/es\\\/renovar\\\/proyecto-de-reforma-monte-y-mar\\\/#primaryimage\",\"url\":\"https:\\\/\\\/casteels-eriksson.com\\\/wp-content\\\/uploads\\\/2025\\\/03\\\/monte-y-mar-new-exterior-0.jpg\",\"contentUrl\":\"https:\\\/\\\/casteels-eriksson.com\\\/wp-content\\\/uploads\\\/2025\\\/03\\\/monte-y-mar-new-exterior-0.jpg\",\"width\":1080,\"height\":810},{\"@type\":\"BreadcrumbList\",\"@id\":\"https:\\\/\\\/casteels-eriksson.com\\\/es\\\/renovar\\\/proyecto-de-reforma-monte-y-mar\\\/#breadcrumb\",\"itemListElement\":[{\"@type\":\"ListItem\",\"position\":1,\"name\":\"Home\",\"item\":\"https:\\\/\\\/casteels-eriksson.com\\\/es\\\/\"},{\"@type\":\"ListItem\",\"position\":2,\"name\":\"Renovar\",\"item\":\"https:\\\/\\\/casteels-eriksson.com\\\/es\\\/projects\\\/\"},{\"@type\":\"ListItem\",\"position\":3,\"name\":\"Monte y Mar\"}]},{\"@type\":\"WebSite\",\"@id\":\"https:\\\/\\\/casteels-eriksson.com\\\/es\\\/#website\",\"url\":\"https:\\\/\\\/casteels-eriksson.com\\\/es\\\/\",\"name\":\"Casteels &amp; Eriksson\",\"description\":\"Casteels &amp; Eriksson\",\"publisher\":{\"@id\":\"https:\\\/\\\/casteels-eriksson.com\\\/es\\\/#organization\"},\"alternateName\":\"Casteels & Eriksson\",\"potentialAction\":[{\"@type\":\"SearchAction\",\"target\":{\"@type\":\"EntryPoint\",\"urlTemplate\":\"https:\\\/\\\/casteels-eriksson.com\\\/es\\\/?s={search_term_string}\"},\"query-input\":{\"@type\":\"PropertyValueSpecification\",\"valueRequired\":true,\"valueName\":\"search_term_string\"}}],\"inLanguage\":\"es\"},{\"@type\":\"Organization\",\"@id\":\"https:\\\/\\\/casteels-eriksson.com\\\/es\\\/#organization\",\"name\":\"Casteels & Eriksson\",\"alternateName\":\"Casteels & Eriksson\",\"url\":\"https:\\\/\\\/casteels-eriksson.com\\\/es\\\/\",\"logo\":{\"@type\":\"ImageObject\",\"inLanguage\":\"es\",\"@id\":\"https:\\\/\\\/casteels-eriksson.com\\\/es\\\/#\\\/schema\\\/logo\\\/image\\\/\",\"url\":\"https:\\\/\\\/casteels-eriksson.com\\\/wp-content\\\/uploads\\\/2025\\\/02\\\/cropped-logo-casteels.png\",\"contentUrl\":\"https:\\\/\\\/casteels-eriksson.com\\\/wp-content\\\/uploads\\\/2025\\\/02\\\/cropped-logo-casteels.png\",\"width\":512,\"height\":512,\"caption\":\"Casteels & Eriksson\"},\"image\":{\"@id\":\"https:\\\/\\\/casteels-eriksson.com\\\/es\\\/#\\\/schema\\\/logo\\\/image\\\/\"}}]}<\/script>\n<!-- \/ Yoast SEO plugin. -->","yoast_head_json":{"title":"Monte y Mar - Casteels &amp; Eriksson","robots":{"index":"index","follow":"follow","max-snippet":"max-snippet:-1","max-image-preview":"max-image-preview:large","max-video-preview":"max-video-preview:-1"},"canonical":"https:\/\/casteels-eriksson.com\/es\/renovar\/proyecto-de-reforma-monte-y-mar\/","og_locale":"es_ES","og_type":"article","og_title":"Monte y Mar - Casteels &amp; Eriksson","og_description":"Monte y Mar RINCON DE LA VICTORIA De Ruina a Espectacular Lo que antes era una casa en ruinas, con poco m\u00e1s que una impresionante vista al mar, se ha transformado en una espectacular villa...","og_url":"https:\/\/casteels-eriksson.com\/es\/renovar\/proyecto-de-reforma-monte-y-mar\/","og_site_name":"Casteels &amp; Eriksson","article_modified_time":"2025-03-28T12:03:24+00:00","og_image":[{"width":1080,"height":810,"url":"https:\/\/casteels-eriksson.com\/wp-content\/uploads\/2025\/03\/monte-y-mar-new-exterior-0.jpg","type":"image\/jpeg"}],"twitter_card":"summary_large_image","twitter_misc":{"Tiempo de lectura":"4 minutos"},"schema":{"@context":"https:\/\/schema.org","@graph":[{"@type":"WebPage","@id":"https:\/\/casteels-eriksson.com\/es\/renovar\/proyecto-de-reforma-monte-y-mar\/","url":"https:\/\/casteels-eriksson.com\/es\/renovar\/proyecto-de-reforma-monte-y-mar\/","name":"Monte y Mar - Casteels &amp; Eriksson","isPartOf":{"@id":"https:\/\/casteels-eriksson.com\/es\/#website"},"primaryImageOfPage":{"@id":"https:\/\/casteels-eriksson.com\/es\/renovar\/proyecto-de-reforma-monte-y-mar\/#primaryimage"},"image":{"@id":"https:\/\/casteels-eriksson.com\/es\/renovar\/proyecto-de-reforma-monte-y-mar\/#primaryimage"},"thumbnailUrl":"https:\/\/casteels-eriksson.com\/wp-content\/uploads\/2025\/03\/monte-y-mar-new-exterior-0.jpg","datePublished":"2025-03-20T13:21:19+00:00","dateModified":"2025-03-28T12:03:24+00:00","breadcrumb":{"@id":"https:\/\/casteels-eriksson.com\/es\/renovar\/proyecto-de-reforma-monte-y-mar\/#breadcrumb"},"inLanguage":"es","potentialAction":[{"@type":"ReadAction","target":["https:\/\/casteels-eriksson.com\/es\/renovar\/proyecto-de-reforma-monte-y-mar\/"]}]},{"@type":"ImageObject","inLanguage":"es","@id":"https:\/\/casteels-eriksson.com\/es\/renovar\/proyecto-de-reforma-monte-y-mar\/#primaryimage","url":"https:\/\/casteels-eriksson.com\/wp-content\/uploads\/2025\/03\/monte-y-mar-new-exterior-0.jpg","contentUrl":"https:\/\/casteels-eriksson.com\/wp-content\/uploads\/2025\/03\/monte-y-mar-new-exterior-0.jpg","width":1080,"height":810},{"@type":"BreadcrumbList","@id":"https:\/\/casteels-eriksson.com\/es\/renovar\/proyecto-de-reforma-monte-y-mar\/#breadcrumb","itemListElement":[{"@type":"ListItem","position":1,"name":"Home","item":"https:\/\/casteels-eriksson.com\/es\/"},{"@type":"ListItem","position":2,"name":"Renovar","item":"https:\/\/casteels-eriksson.com\/es\/projects\/"},{"@type":"ListItem","position":3,"name":"Monte y Mar"}]},{"@type":"WebSite","@id":"https:\/\/casteels-eriksson.com\/es\/#website","url":"https:\/\/casteels-eriksson.com\/es\/","name":"Casteels &amp; Eriksson","description":"Casteels &amp; Eriksson","publisher":{"@id":"https:\/\/casteels-eriksson.com\/es\/#organization"},"alternateName":"Casteels & Eriksson","potentialAction":[{"@type":"SearchAction","target":{"@type":"EntryPoint","urlTemplate":"https:\/\/casteels-eriksson.com\/es\/?s={search_term_string}"},"query-input":{"@type":"PropertyValueSpecification","valueRequired":true,"valueName":"search_term_string"}}],"inLanguage":"es"},{"@type":"Organization","@id":"https:\/\/casteels-eriksson.com\/es\/#organization","name":"Casteels & Eriksson","alternateName":"Casteels & Eriksson","url":"https:\/\/casteels-eriksson.com\/es\/","logo":{"@type":"ImageObject","inLanguage":"es","@id":"https:\/\/casteels-eriksson.com\/es\/#\/schema\/logo\/image\/","url":"https:\/\/casteels-eriksson.com\/wp-content\/uploads\/2025\/02\/cropped-logo-casteels.png","contentUrl":"https:\/\/casteels-eriksson.com\/wp-content\/uploads\/2025\/02\/cropped-logo-casteels.png","width":512,"height":512,"caption":"Casteels & Eriksson"},"image":{"@id":"https:\/\/casteels-eriksson.com\/es\/#\/schema\/logo\/image\/"}}]}},"_links":{"self":[{"href":"https:\/\/casteels-eriksson.com\/es\/wp-json\/wp\/v2\/pages\/1024","targetHints":{"allow":["GET"]}}],"collection":[{"href":"https:\/\/casteels-eriksson.com\/es\/wp-json\/wp\/v2\/pages"}],"about":[{"href":"https:\/\/casteels-eriksson.com\/es\/wp-json\/wp\/v2\/types\/page"}],"author":[{"embeddable":true,"href":"https:\/\/casteels-eriksson.com\/es\/wp-json\/wp\/v2\/users\/1"}],"replies":[{"embeddable":true,"href":"https:\/\/casteels-eriksson.com\/es\/wp-json\/wp\/v2\/comments?post=1024"}],"version-history":[{"count":4,"href":"https:\/\/casteels-eriksson.com\/es\/wp-json\/wp\/v2\/pages\/1024\/revisions"}],"predecessor-version":[{"id":1146,"href":"https:\/\/casteels-eriksson.com\/es\/wp-json\/wp\/v2\/pages\/1024\/revisions\/1146"}],"up":[{"embeddable":true,"href":"https:\/\/casteels-eriksson.com\/es\/wp-json\/wp\/v2\/pages\/44"}],"wp:featuredmedia":[{"embeddable":true,"href":"https:\/\/casteels-eriksson.com\/es\/wp-json\/wp\/v2\/media\/879"}],"wp:attachment":[{"href":"https:\/\/casteels-eriksson.com\/es\/wp-json\/wp\/v2\/media?parent=1024"}],"curies":[{"name":"wp","href":"https:\/\/api.w.org\/{rel}","templated":true}]}}