{"id":1025,"date":"2025-03-20T13:59:46","date_gmt":"2025-03-20T13:59:46","guid":{"rendered":"https:\/\/casteels-eriksson.com\/\/renovar\/reform-project-playa-miraflores\/"},"modified":"2025-03-28T11:41:50","modified_gmt":"2025-03-28T11:41:50","slug":"proyecto-de-reforma-playa-miraflores","status":"publish","type":"page","link":"https:\/\/casteels-eriksson.com\/es\/renovar\/proyecto-de-reforma-playa-miraflores\/","title":{"rendered":"Playa Miraflores"},"content":{"rendered":"\n<div class=\"wp-block-group intro-renovations\"><div class=\"wp-block-group__inner-container is-layout-constrained wp-block-group-is-layout-constrained\">\n<h1 class=\"wp-block-heading\">Playa Miraflores<\/h1>\n\n\n\n<p>RIVIERA DEL SOL<\/p>\n\n\n\n<p>Nos entusiasma presentar otra faceta de nuestra experiencia en Casteels &amp; Eriksson: los servicios de renovaci\u00f3n y reforma de viviendas. Entendemos que encontrar la casa perfecta no se trata solo de la ubicaci\u00f3n ideal, sino tambi\u00e9n de crear un espacio que encaje perfectamente con tu visi\u00f3n y estilo de vida. Por eso, adem\u00e1s de ayudarte a encontrar la propiedad de tus sue\u00f1os, tambi\u00e9n ofrecemos un servicio integral de reformas para transformar tu casa en el hogar que siempre has deseado.<\/p>\n\n\n<div class=\"property-details\">\n\t\t<div class=\"share-post-button\">\n\t\t\t<div class=\"btn-group\" role=\"group\">\n\t\t\t\t<button id=\"btnGroupDrop1\" type=\"button\" class=\"btn btn btn-tertiary w-100 download dropdown-toggle\" data-bs-toggle=\"dropdown\" aria-expanded=\"false\">\n\t\t\t\t\t<img decoding=\"async\" src=\"\/wp-content\/themes\/CasteelsEriksson\/images\/icons\/share-arrow.svg\" width=\"18\" height=\"16\"> Share \n\t\t\t\t<\/button>\n\t\t\t\t<ul class=\"dropdown-menu\" aria-labelledby=\"btnGroupDrop1\">\n\t\t\t\t\t<li><a class=\"dropdown-item\" target=\"blank\" href=\"mailto:?subject=Playa Miraflores&body=https:\/\/casteels-eriksson.com\/es\/renovar\/proyecto-de-reforma-playa-miraflores\/\">E-mail<\/a><\/li>\n\t\t\t\t\t<li><a class=\"dropdown-item\" target=\"blank\" href=\"whatsapp:\/\/send?text=https:\/\/casteels-eriksson.com\/es\/renovar\/proyecto-de-reforma-playa-miraflores\/\" data-action=\"share\/whatsapp\/share\">Whatsapp<\/a><\/li>\n\t\t\t\t\t<!-- <li><a class=\"dropdown-item\" target=\"blank\" href=\"https:\/\/www.facebook.com\/sharer\/sharer.php?u=https:\/\/casteels-eriksson.com\/es\/renovar\/proyecto-de-reforma-playa-miraflores\/\">Facebook<\/a><\/li>\n\t\t\t\t\t<li><a class=\"dropdown-item\" target=\"blank\" href=\"https:\/\/twitter.com\/intent\/tweet?url=https:\/\/casteels-eriksson.com\/es\/renovar\/proyecto-de-reforma-playa-miraflores\/\">Twitter<\/a><\/li>\n\t\t\t\t\t<li><a class=\"dropdown-item\" target=\"blank\" href=\"https:\/\/www.linkedin.com\/shareArticle?mini=true&url=https:\/\/casteels-eriksson.com\/es\/renovar\/proyecto-de-reforma-playa-miraflores\/\">Linkedin<\/a><\/li> -->\n\t\t\t\t<\/ul>\n\t\t\t<\/div>\n\t\t<\/div>\n\t<\/div>\n<\/div><\/div>\n\n\n\n<div class=\"wp-block-group section-renovation\"><div class=\"wp-block-group__inner-container is-layout-constrained wp-block-group-is-layout-constrained\">\n<h2 class=\"wp-block-heading\">Reimaginado y Revendido<\/h2>\n\n\n\n<p>Este apartamento en primera l\u00ednea de playa en Playa Miraflores fue completamente transformado. Originalmente una vivienda en planta baja de 2 dormitorios y 2 ba\u00f1os, se reinvent\u00f3 como un moderno hogar de 3 dormitorios y 2 ba\u00f1os con un dise\u00f1o abierto.<\/p>\n\n\n\n<p>Redise\u00f1amos la distribuci\u00f3n para crear un ambiente m\u00e1s luminoso y espacioso, abriendo la cocina y el sal\u00f3n para mejorar la fluidez del espacio y aprovechar al m\u00e1ximo las impresionantes vistas al mar. Materiales de primera calidad, acabados modernos y detalles cuidadosamente seleccionados le dieron al apartamento un aire fresco y costero que encaja perfectamente con su ubicaci\u00f3n frente al mar.<\/p>\n\n\n\n<p>\u00bfEl resultado? Una propiedad elegante y lista para entrar a vivir que se vendi\u00f3 en solo dos semanas tras salir al mercado, atrayendo a m\u00faltiples compradores y logrando una excelente rentabilidad.<\/p>\n<\/div><\/div>\n\n\n\n<div class=\"wp-block-group section-renovation\"><div class=\"wp-block-group__inner-container is-layout-constrained wp-block-group-is-layout-constrained\">\n<h2 class=\"wp-block-heading\">Antes de la reforma<\/h2>\n\n\n\n<figure class=\"wp-block-gallery has-nested-images columns-default is-cropped slider-renovation wp-block-gallery-1 is-layout-flex wp-block-gallery-is-layout-flex\">\n<figure class=\"wp-block-image size-full\"><img decoding=\"async\" width=\"1024\" height=\"768\" data-id=\"957\" src=\"https:\/\/casteels-eriksson.com\/\/wp-content\/uploads\/2025\/03\/Playa-Miraflores-Riviera-del-Sol-1.jpg\" alt=\"\" class=\"wp-image-957\" srcset=\"https:\/\/casteels-eriksson.com\/wp-content\/uploads\/2025\/03\/Playa-Miraflores-Riviera-del-Sol-1.jpg 1024w, https:\/\/casteels-eriksson.com\/wp-content\/uploads\/2025\/03\/Playa-Miraflores-Riviera-del-Sol-1-300x225.jpg 300w, https:\/\/casteels-eriksson.com\/wp-content\/uploads\/2025\/03\/Playa-Miraflores-Riviera-del-Sol-1-768x576.jpg 768w\" sizes=\"(max-width: 1024px) 100vw, 1024px\" \/><\/figure>\n\n\n\n<figure class=\"wp-block-image size-full\"><img decoding=\"async\" width=\"1024\" height=\"827\" data-id=\"954\" src=\"https:\/\/casteels-eriksson.com\/\/wp-content\/uploads\/2025\/03\/Playa-Miraflores-Riviera-del-Sol-2.jpg\" alt=\"\" class=\"wp-image-954\" srcset=\"https:\/\/casteels-eriksson.com\/wp-content\/uploads\/2025\/03\/Playa-Miraflores-Riviera-del-Sol-2.jpg 1024w, https:\/\/casteels-eriksson.com\/wp-content\/uploads\/2025\/03\/Playa-Miraflores-Riviera-del-Sol-2-300x242.jpg 300w, https:\/\/casteels-eriksson.com\/wp-content\/uploads\/2025\/03\/Playa-Miraflores-Riviera-del-Sol-2-768x620.jpg 768w\" sizes=\"(max-width: 1024px) 100vw, 1024px\" \/><\/figure>\n\n\n\n<figure class=\"wp-block-image size-full\"><img decoding=\"async\" width=\"1024\" height=\"768\" data-id=\"951\" src=\"https:\/\/casteels-eriksson.com\/\/wp-content\/uploads\/2025\/03\/Playa-Miraflores-Riviera-del-Sol-3.jpg\" alt=\"\" class=\"wp-image-951\" srcset=\"https:\/\/casteels-eriksson.com\/wp-content\/uploads\/2025\/03\/Playa-Miraflores-Riviera-del-Sol-3.jpg 1024w, https:\/\/casteels-eriksson.com\/wp-content\/uploads\/2025\/03\/Playa-Miraflores-Riviera-del-Sol-3-300x225.jpg 300w, https:\/\/casteels-eriksson.com\/wp-content\/uploads\/2025\/03\/Playa-Miraflores-Riviera-del-Sol-3-768x576.jpg 768w\" sizes=\"(max-width: 1024px) 100vw, 1024px\" \/><\/figure>\n\n\n\n<figure class=\"wp-block-image size-full\"><img decoding=\"async\" width=\"1024\" height=\"768\" data-id=\"960\" src=\"https:\/\/casteels-eriksson.com\/\/wp-content\/uploads\/2025\/03\/Playa-Miraflores-Riviera-del-Sol-4.jpg\" alt=\"\" class=\"wp-image-960\" srcset=\"https:\/\/casteels-eriksson.com\/wp-content\/uploads\/2025\/03\/Playa-Miraflores-Riviera-del-Sol-4.jpg 1024w, https:\/\/casteels-eriksson.com\/wp-content\/uploads\/2025\/03\/Playa-Miraflores-Riviera-del-Sol-4-300x225.jpg 300w, https:\/\/casteels-eriksson.com\/wp-content\/uploads\/2025\/03\/Playa-Miraflores-Riviera-del-Sol-4-768x576.jpg 768w\" sizes=\"(max-width: 1024px) 100vw, 1024px\" \/><\/figure>\n\n\n\n<figure class=\"wp-block-image size-full\"><img decoding=\"async\" width=\"768\" height=\"1024\" data-id=\"966\" src=\"https:\/\/casteels-eriksson.com\/\/wp-content\/uploads\/2025\/03\/Playa-Miraflores-Riviera-del-Sol-5.jpg\" alt=\"\" class=\"wp-image-966\" srcset=\"https:\/\/casteels-eriksson.com\/wp-content\/uploads\/2025\/03\/Playa-Miraflores-Riviera-del-Sol-5.jpg 768w, https:\/\/casteels-eriksson.com\/wp-content\/uploads\/2025\/03\/Playa-Miraflores-Riviera-del-Sol-5-225x300.jpg 225w\" sizes=\"(max-width: 768px) 100vw, 768px\" \/><\/figure>\n\n\n\n<figure class=\"wp-block-image size-full\"><img decoding=\"async\" width=\"1024\" height=\"768\" data-id=\"963\" src=\"https:\/\/casteels-eriksson.com\/\/wp-content\/uploads\/2025\/03\/Playa-Miraflores-Riviera-del-Sol-6.jpg\" alt=\"\" class=\"wp-image-963\" srcset=\"https:\/\/casteels-eriksson.com\/wp-content\/uploads\/2025\/03\/Playa-Miraflores-Riviera-del-Sol-6.jpg 1024w, https:\/\/casteels-eriksson.com\/wp-content\/uploads\/2025\/03\/Playa-Miraflores-Riviera-del-Sol-6-300x225.jpg 300w, https:\/\/casteels-eriksson.com\/wp-content\/uploads\/2025\/03\/Playa-Miraflores-Riviera-del-Sol-6-768x576.jpg 768w\" sizes=\"(max-width: 1024px) 100vw, 1024px\" \/><\/figure>\n<\/figure>\n<\/div><\/div>\n\n\n\n<div class=\"wp-block-group section-renovation\"><div class=\"wp-block-group__inner-container is-layout-constrained wp-block-group-is-layout-constrained\">\n<h2 class=\"wp-block-heading\">Despu\u00e9s de la reforma<\/h2>\n\n\n\n<p>El espacio renovado, ahora una vivienda elegante y lista para entrar a vivir\u2026 \u00a1vendida en solo dos semanas!<br>\u00bfListo para desbloquear todo el potencial de tu propiedad? En Casteels &amp; Eriksson nos encargamos de todo: dise\u00f1o, gesti\u00f3n del proyecto y venta. Transformamos tu hogar y maximizamos su valor, mientras t\u00fa te relajas y disfrutas del resultado.<\/p>\n<\/div><\/div>\n\n\n\n<p><\/p>\n","protected":false},"excerpt":{"rendered":"<p>Playa Miraflores RIVIERA DEL SOL Nos entusiasma presentar otra faceta de nuestra experiencia en Casteels &amp; Eriksson: los servicios de renovaci\u00f3n y reforma de viviendas. Entendemos que encontrar la casa perfecta no se trata solo&#8230;<\/p>\n","protected":false},"author":1,"featured_media":976,"parent":44,"menu_order":0,"comment_status":"closed","ping_status":"closed","template":"page-renovation.php","meta":{"_acf_changed":false,"inline_featured_image":false,"footnotes":""},"class_list":["post-1025","page","type-page","status-publish","has-post-thumbnail","hentry"],"acf":[],"yoast_head":"<!-- This site is optimized with the Yoast SEO plugin v27.3 - https:\/\/yoast.com\/product\/yoast-seo-wordpress\/ -->\n<title>Playa Miraflores - Casteels &amp; Eriksson<\/title>\n<meta name=\"robots\" content=\"index, follow, max-snippet:-1, max-image-preview:large, max-video-preview:-1\" \/>\n<link rel=\"canonical\" href=\"https:\/\/casteels-eriksson.com\/es\/renovar\/proyecto-de-reforma-playa-miraflores\/\" \/>\n<meta property=\"og:locale\" content=\"es_ES\" \/>\n<meta property=\"og:type\" content=\"article\" \/>\n<meta property=\"og:title\" content=\"Playa Miraflores - Casteels &amp; Eriksson\" \/>\n<meta property=\"og:description\" content=\"Playa Miraflores RIVIERA DEL SOL Nos entusiasma presentar otra faceta de nuestra experiencia en Casteels &amp; Eriksson: los servicios de renovaci\u00f3n y reforma de viviendas. Entendemos que encontrar la casa perfecta no se trata solo...\" \/>\n<meta property=\"og:url\" content=\"https:\/\/casteels-eriksson.com\/es\/renovar\/proyecto-de-reforma-playa-miraflores\/\" \/>\n<meta property=\"og:site_name\" content=\"Casteels &amp; Eriksson\" \/>\n<meta property=\"article:modified_time\" content=\"2025-03-28T11:41:50+00:00\" \/>\n<meta property=\"og:image\" content=\"https:\/\/casteels-eriksson.com\/wp-content\/uploads\/2025\/03\/Playa-Miraflores-Riviera-del-Sol-3-1.jpg\" \/>\n\t<meta property=\"og:image:width\" content=\"1141\" \/>\n\t<meta property=\"og:image:height\" content=\"761\" \/>\n\t<meta property=\"og:image:type\" content=\"image\/jpeg\" \/>\n<meta name=\"twitter:card\" content=\"summary_large_image\" \/>\n<meta name=\"twitter:label1\" content=\"Tiempo de lectura\" \/>\n\t<meta name=\"twitter:data1\" content=\"3 minutos\" \/>\n<script type=\"application\/ld+json\" class=\"yoast-schema-graph\">{\"@context\":\"https:\\\/\\\/schema.org\",\"@graph\":[{\"@type\":\"WebPage\",\"@id\":\"https:\\\/\\\/casteels-eriksson.com\\\/es\\\/renovar\\\/proyecto-de-reforma-playa-miraflores\\\/\",\"url\":\"https:\\\/\\\/casteels-eriksson.com\\\/es\\\/renovar\\\/proyecto-de-reforma-playa-miraflores\\\/\",\"name\":\"Playa Miraflores - Casteels &amp; Eriksson\",\"isPartOf\":{\"@id\":\"https:\\\/\\\/casteels-eriksson.com\\\/es\\\/#website\"},\"primaryImageOfPage\":{\"@id\":\"https:\\\/\\\/casteels-eriksson.com\\\/es\\\/renovar\\\/proyecto-de-reforma-playa-miraflores\\\/#primaryimage\"},\"image\":{\"@id\":\"https:\\\/\\\/casteels-eriksson.com\\\/es\\\/renovar\\\/proyecto-de-reforma-playa-miraflores\\\/#primaryimage\"},\"thumbnailUrl\":\"https:\\\/\\\/casteels-eriksson.com\\\/wp-content\\\/uploads\\\/2025\\\/03\\\/Playa-Miraflores-Riviera-del-Sol-3-1.jpg\",\"datePublished\":\"2025-03-20T13:59:46+00:00\",\"dateModified\":\"2025-03-28T11:41:50+00:00\",\"breadcrumb\":{\"@id\":\"https:\\\/\\\/casteels-eriksson.com\\\/es\\\/renovar\\\/proyecto-de-reforma-playa-miraflores\\\/#breadcrumb\"},\"inLanguage\":\"es\",\"potentialAction\":[{\"@type\":\"ReadAction\",\"target\":[\"https:\\\/\\\/casteels-eriksson.com\\\/es\\\/renovar\\\/proyecto-de-reforma-playa-miraflores\\\/\"]}]},{\"@type\":\"ImageObject\",\"inLanguage\":\"es\",\"@id\":\"https:\\\/\\\/casteels-eriksson.com\\\/es\\\/renovar\\\/proyecto-de-reforma-playa-miraflores\\\/#primaryimage\",\"url\":\"https:\\\/\\\/casteels-eriksson.com\\\/wp-content\\\/uploads\\\/2025\\\/03\\\/Playa-Miraflores-Riviera-del-Sol-3-1.jpg\",\"contentUrl\":\"https:\\\/\\\/casteels-eriksson.com\\\/wp-content\\\/uploads\\\/2025\\\/03\\\/Playa-Miraflores-Riviera-del-Sol-3-1.jpg\",\"width\":1141,\"height\":761},{\"@type\":\"BreadcrumbList\",\"@id\":\"https:\\\/\\\/casteels-eriksson.com\\\/es\\\/renovar\\\/proyecto-de-reforma-playa-miraflores\\\/#breadcrumb\",\"itemListElement\":[{\"@type\":\"ListItem\",\"position\":1,\"name\":\"Home\",\"item\":\"https:\\\/\\\/casteels-eriksson.com\\\/es\\\/\"},{\"@type\":\"ListItem\",\"position\":2,\"name\":\"Renovar\",\"item\":\"https:\\\/\\\/casteels-eriksson.com\\\/es\\\/projects\\\/\"},{\"@type\":\"ListItem\",\"position\":3,\"name\":\"Playa Miraflores\"}]},{\"@type\":\"WebSite\",\"@id\":\"https:\\\/\\\/casteels-eriksson.com\\\/es\\\/#website\",\"url\":\"https:\\\/\\\/casteels-eriksson.com\\\/es\\\/\",\"name\":\"Casteels &amp; Eriksson\",\"description\":\"Casteels &amp; Eriksson\",\"publisher\":{\"@id\":\"https:\\\/\\\/casteels-eriksson.com\\\/es\\\/#organization\"},\"alternateName\":\"Casteels & Eriksson\",\"potentialAction\":[{\"@type\":\"SearchAction\",\"target\":{\"@type\":\"EntryPoint\",\"urlTemplate\":\"https:\\\/\\\/casteels-eriksson.com\\\/es\\\/?s={search_term_string}\"},\"query-input\":{\"@type\":\"PropertyValueSpecification\",\"valueRequired\":true,\"valueName\":\"search_term_string\"}}],\"inLanguage\":\"es\"},{\"@type\":\"Organization\",\"@id\":\"https:\\\/\\\/casteels-eriksson.com\\\/es\\\/#organization\",\"name\":\"Casteels & Eriksson\",\"alternateName\":\"Casteels & Eriksson\",\"url\":\"https:\\\/\\\/casteels-eriksson.com\\\/es\\\/\",\"logo\":{\"@type\":\"ImageObject\",\"inLanguage\":\"es\",\"@id\":\"https:\\\/\\\/casteels-eriksson.com\\\/es\\\/#\\\/schema\\\/logo\\\/image\\\/\",\"url\":\"https:\\\/\\\/casteels-eriksson.com\\\/wp-content\\\/uploads\\\/2025\\\/02\\\/cropped-logo-casteels.png\",\"contentUrl\":\"https:\\\/\\\/casteels-eriksson.com\\\/wp-content\\\/uploads\\\/2025\\\/02\\\/cropped-logo-casteels.png\",\"width\":512,\"height\":512,\"caption\":\"Casteels & Eriksson\"},\"image\":{\"@id\":\"https:\\\/\\\/casteels-eriksson.com\\\/es\\\/#\\\/schema\\\/logo\\\/image\\\/\"}}]}<\/script>\n<!-- \/ Yoast SEO plugin. -->","yoast_head_json":{"title":"Playa Miraflores - Casteels &amp; Eriksson","robots":{"index":"index","follow":"follow","max-snippet":"max-snippet:-1","max-image-preview":"max-image-preview:large","max-video-preview":"max-video-preview:-1"},"canonical":"https:\/\/casteels-eriksson.com\/es\/renovar\/proyecto-de-reforma-playa-miraflores\/","og_locale":"es_ES","og_type":"article","og_title":"Playa Miraflores - Casteels &amp; Eriksson","og_description":"Playa Miraflores RIVIERA DEL SOL Nos entusiasma presentar otra faceta de nuestra experiencia en Casteels &amp; Eriksson: los servicios de renovaci\u00f3n y reforma de viviendas. Entendemos que encontrar la casa perfecta no se trata solo...","og_url":"https:\/\/casteels-eriksson.com\/es\/renovar\/proyecto-de-reforma-playa-miraflores\/","og_site_name":"Casteels &amp; Eriksson","article_modified_time":"2025-03-28T11:41:50+00:00","og_image":[{"width":1141,"height":761,"url":"https:\/\/casteels-eriksson.com\/wp-content\/uploads\/2025\/03\/Playa-Miraflores-Riviera-del-Sol-3-1.jpg","type":"image\/jpeg"}],"twitter_card":"summary_large_image","twitter_misc":{"Tiempo de lectura":"3 minutos"},"schema":{"@context":"https:\/\/schema.org","@graph":[{"@type":"WebPage","@id":"https:\/\/casteels-eriksson.com\/es\/renovar\/proyecto-de-reforma-playa-miraflores\/","url":"https:\/\/casteels-eriksson.com\/es\/renovar\/proyecto-de-reforma-playa-miraflores\/","name":"Playa Miraflores - Casteels &amp; Eriksson","isPartOf":{"@id":"https:\/\/casteels-eriksson.com\/es\/#website"},"primaryImageOfPage":{"@id":"https:\/\/casteels-eriksson.com\/es\/renovar\/proyecto-de-reforma-playa-miraflores\/#primaryimage"},"image":{"@id":"https:\/\/casteels-eriksson.com\/es\/renovar\/proyecto-de-reforma-playa-miraflores\/#primaryimage"},"thumbnailUrl":"https:\/\/casteels-eriksson.com\/wp-content\/uploads\/2025\/03\/Playa-Miraflores-Riviera-del-Sol-3-1.jpg","datePublished":"2025-03-20T13:59:46+00:00","dateModified":"2025-03-28T11:41:50+00:00","breadcrumb":{"@id":"https:\/\/casteels-eriksson.com\/es\/renovar\/proyecto-de-reforma-playa-miraflores\/#breadcrumb"},"inLanguage":"es","potentialAction":[{"@type":"ReadAction","target":["https:\/\/casteels-eriksson.com\/es\/renovar\/proyecto-de-reforma-playa-miraflores\/"]}]},{"@type":"ImageObject","inLanguage":"es","@id":"https:\/\/casteels-eriksson.com\/es\/renovar\/proyecto-de-reforma-playa-miraflores\/#primaryimage","url":"https:\/\/casteels-eriksson.com\/wp-content\/uploads\/2025\/03\/Playa-Miraflores-Riviera-del-Sol-3-1.jpg","contentUrl":"https:\/\/casteels-eriksson.com\/wp-content\/uploads\/2025\/03\/Playa-Miraflores-Riviera-del-Sol-3-1.jpg","width":1141,"height":761},{"@type":"BreadcrumbList","@id":"https:\/\/casteels-eriksson.com\/es\/renovar\/proyecto-de-reforma-playa-miraflores\/#breadcrumb","itemListElement":[{"@type":"ListItem","position":1,"name":"Home","item":"https:\/\/casteels-eriksson.com\/es\/"},{"@type":"ListItem","position":2,"name":"Renovar","item":"https:\/\/casteels-eriksson.com\/es\/projects\/"},{"@type":"ListItem","position":3,"name":"Playa Miraflores"}]},{"@type":"WebSite","@id":"https:\/\/casteels-eriksson.com\/es\/#website","url":"https:\/\/casteels-eriksson.com\/es\/","name":"Casteels &amp; Eriksson","description":"Casteels &amp; Eriksson","publisher":{"@id":"https:\/\/casteels-eriksson.com\/es\/#organization"},"alternateName":"Casteels & Eriksson","potentialAction":[{"@type":"SearchAction","target":{"@type":"EntryPoint","urlTemplate":"https:\/\/casteels-eriksson.com\/es\/?s={search_term_string}"},"query-input":{"@type":"PropertyValueSpecification","valueRequired":true,"valueName":"search_term_string"}}],"inLanguage":"es"},{"@type":"Organization","@id":"https:\/\/casteels-eriksson.com\/es\/#organization","name":"Casteels & Eriksson","alternateName":"Casteels & Eriksson","url":"https:\/\/casteels-eriksson.com\/es\/","logo":{"@type":"ImageObject","inLanguage":"es","@id":"https:\/\/casteels-eriksson.com\/es\/#\/schema\/logo\/image\/","url":"https:\/\/casteels-eriksson.com\/wp-content\/uploads\/2025\/02\/cropped-logo-casteels.png","contentUrl":"https:\/\/casteels-eriksson.com\/wp-content\/uploads\/2025\/02\/cropped-logo-casteels.png","width":512,"height":512,"caption":"Casteels & Eriksson"},"image":{"@id":"https:\/\/casteels-eriksson.com\/es\/#\/schema\/logo\/image\/"}}]}},"_links":{"self":[{"href":"https:\/\/casteels-eriksson.com\/es\/wp-json\/wp\/v2\/pages\/1025","targetHints":{"allow":["GET"]}}],"collection":[{"href":"https:\/\/casteels-eriksson.com\/es\/wp-json\/wp\/v2\/pages"}],"about":[{"href":"https:\/\/casteels-eriksson.com\/es\/wp-json\/wp\/v2\/types\/page"}],"author":[{"embeddable":true,"href":"https:\/\/casteels-eriksson.com\/es\/wp-json\/wp\/v2\/users\/1"}],"replies":[{"embeddable":true,"href":"https:\/\/casteels-eriksson.com\/es\/wp-json\/wp\/v2\/comments?post=1025"}],"version-history":[{"count":6,"href":"https:\/\/casteels-eriksson.com\/es\/wp-json\/wp\/v2\/pages\/1025\/revisions"}],"predecessor-version":[{"id":1135,"href":"https:\/\/casteels-eriksson.com\/es\/wp-json\/wp\/v2\/pages\/1025\/revisions\/1135"}],"up":[{"embeddable":true,"href":"https:\/\/casteels-eriksson.com\/es\/wp-json\/wp\/v2\/pages\/44"}],"wp:featuredmedia":[{"embeddable":true,"href":"https:\/\/casteels-eriksson.com\/es\/wp-json\/wp\/v2\/media\/976"}],"wp:attachment":[{"href":"https:\/\/casteels-eriksson.com\/es\/wp-json\/wp\/v2\/media?parent=1025"}],"curies":[{"name":"wp","href":"https:\/\/api.w.org\/{rel}","templated":true}]}}