{"id":37,"date":"2025-02-06T09:20:53","date_gmt":"2025-02-06T09:20:53","guid":{"rendered":"https:\/\/casteels-eriksson.com\/\/?page_id=37"},"modified":"2025-03-13T12:23:33","modified_gmt":"2025-03-13T12:23:33","slug":"sobre-nosotros","status":"publish","type":"page","link":"https:\/\/casteels-eriksson.com\/es\/sobre-nosotros\/","title":{"rendered":"Sobre nosotros"},"content":{"rendered":"\n<div class=\"wp-block-group page-image-intro\"><div class=\"wp-block-group__inner-container is-layout-constrained wp-block-group-is-layout-constrained\">\n<div class=\"wp-block-group container\"><div class=\"wp-block-group__inner-container is-layout-constrained wp-block-group-is-layout-constrained\">\n<div class=\"wp-block-columns is-layout-flex wp-container-core-columns-is-layout-9d6595d7 wp-block-columns-is-layout-flex\">\n<div class=\"wp-block-column is-layout-flow wp-block-column-is-layout-flow\" style=\"flex-basis:50%\">\n<div class=\"wp-block-cover is-light\"><span aria-hidden=\"true\" class=\"wp-block-cover__background has-background-dim-0 has-background-dim\" style=\"background-color:#88b8d9\"><\/span><img decoding=\"async\" width=\"1920\" height=\"1097\" class=\"wp-block-cover__image-background wp-image-132\" alt=\"\" src=\"https:\/\/casteels-eriksson.com\/\/wp-content\/uploads\/2025\/02\/about.jpg\" data-object-fit=\"cover\" srcset=\"https:\/\/casteels-eriksson.com\/wp-content\/uploads\/2025\/02\/about.jpg 1920w, https:\/\/casteels-eriksson.com\/wp-content\/uploads\/2025\/02\/about-300x171.jpg 300w, https:\/\/casteels-eriksson.com\/wp-content\/uploads\/2025\/02\/about-1024x585.jpg 1024w, https:\/\/casteels-eriksson.com\/wp-content\/uploads\/2025\/02\/about-768x439.jpg 768w, https:\/\/casteels-eriksson.com\/wp-content\/uploads\/2025\/02\/about-1536x878.jpg 1536w\" sizes=\"(max-width: 1920px) 100vw, 1920px\" \/><div class=\"wp-block-cover__inner-container is-layout-constrained wp-block-cover-is-layout-constrained\">\n<p class=\"has-text-align-center has-large-font-size\"><\/p>\n<\/div><\/div>\n<\/div>\n\n\n\n<div class=\"wp-block-column is-layout-flow wp-block-column-is-layout-flow\" style=\"flex-basis:8.333333%\"><\/div>\n\n\n\n<div class=\"wp-block-column is-layout-flow wp-block-column-is-layout-flow\">\n<h1 class=\"wp-block-heading\">Tu Socio de Confianza en el Mercado Inmobiliario de la Costa del Sol<\/h1>\n\n\n\n<p>Casteels &amp; Eriksson es una agencia inmobiliaria boutique con sede en la Costa del Sol. Desde nuestra oficina en Estepona, nuestro equipo experimentado y multiling\u00fce ofrece asesoramiento experto respaldado por un profundo conocimiento del mercado local, sus normativas y regulaciones.<\/p>\n\n\n\n<p>Como una aut\u00e9ntica empresa familiar, adoptamos un enfoque altamente personalizado basado en la confianza, el respeto y la integridad. Nuestro objetivo es ofrecer un servicio a medida que supere las expectativas de nuestros clientes. Ya sea que est\u00e9s comprando o vendiendo una propiedad en la Costa del Sol, en Casteels &amp; Eriksson encontrar\u00e1s un socio invaluable.<\/p>\n<\/div>\n\n\n\n<div class=\"wp-block-column is-layout-flow wp-block-column-is-layout-flow\" style=\"flex-basis:8.333333%\"><\/div>\n<\/div>\n<\/div><\/div>\n<\/div><\/div>\n\n\n\n<div class=\"wp-block-group container family-company\"><div class=\"wp-block-group__inner-container is-layout-constrained wp-block-group-is-layout-constrained\">\n<div class=\"wp-block-columns is-layout-flex wp-container-core-columns-is-layout-9d6595d7 wp-block-columns-is-layout-flex\">\n<div class=\"wp-block-column is-layout-flow wp-block-column-is-layout-flow\" style=\"flex-basis:8.333333%\"><\/div>\n\n\n\n<div class=\"wp-block-column is-layout-flow wp-block-column-is-layout-flow\">\n<h2 class=\"wp-block-heading\">Experiencia y Dinamismo<\/h2>\n<\/div>\n<\/div>\n\n\n\n<div class=\"wp-block-columns is-layout-flex wp-container-core-columns-is-layout-9d6595d7 wp-block-columns-is-layout-flex\">\n<div class=\"wp-block-column is-layout-flow wp-block-column-is-layout-flow\" style=\"flex-basis:8.3333333%\"><\/div>\n\n\n\n<div class=\"wp-block-column is-layout-flow wp-block-column-is-layout-flow\" style=\"flex-basis:41.6666667%\">\n<p>Nuestro equipo din\u00e1mico y vibrante tiene un trasfondo tan internacional como la propia Costa del Sol. Creemos en lo que ofrecemos: una vida de alta calidad bajo el sol, raz\u00f3n por la cual hemos elegido esta hermosa regi\u00f3n como nuestro hogar. Con una amplia experiencia atendiendo a una clientela internacional, hablamos tu idioma.<\/p>\n<\/div>\n\n\n\n<div class=\"wp-block-column is-layout-flow wp-block-column-is-layout-flow\" style=\"flex-basis:8.3333333%\"><\/div>\n\n\n\n<div class=\"wp-block-column is-layout-flow wp-block-column-is-layout-flow\">\n<p>Con m\u00e1s de 25 a\u00f1os de experiencia viviendo y trabajando en la Costa del Sol, conocemos la regi\u00f3n, su estilo de vida, sus zonas residenciales y su mercado inmobiliario a la perfecci\u00f3n. Nuestra extensa red de agentes colaboradores, promotores y profesionales del sector nos permite ofrecer un servicio inmobiliario completo y fluido, adaptado a tus necesidades.<\/p>\n<\/div>\n<\/div>\n<\/div><\/div>\n\n\n\n<div id=\"ourteam\" class=\"wp-block-group container our-team\"><div class=\"wp-block-group__inner-container is-layout-constrained wp-block-group-is-layout-constrained\">\n<h2 class=\"wp-block-heading\">Nuestro Equipo<\/h2>\n\n\n\n<div class=\"wp-block-cover\"><span aria-hidden=\"true\" class=\"wp-block-cover__background has-background-dim-0 has-background-dim\" style=\"background-color:#598e91\"><\/span><img decoding=\"async\" width=\"1920\" height=\"823\" class=\"wp-block-cover__image-background wp-image-87\" alt=\"\" src=\"https:\/\/casteels-eriksson.com\/\/wp-content\/uploads\/2025\/02\/casteels-and-eriksson.jpg\" data-object-fit=\"cover\" srcset=\"https:\/\/casteels-eriksson.com\/wp-content\/uploads\/2025\/02\/casteels-and-eriksson.jpg 1920w, https:\/\/casteels-eriksson.com\/wp-content\/uploads\/2025\/02\/casteels-and-eriksson-300x129.jpg 300w, https:\/\/casteels-eriksson.com\/wp-content\/uploads\/2025\/02\/casteels-and-eriksson-1024x439.jpg 1024w, https:\/\/casteels-eriksson.com\/wp-content\/uploads\/2025\/02\/casteels-and-eriksson-768x329.jpg 768w, https:\/\/casteels-eriksson.com\/wp-content\/uploads\/2025\/02\/casteels-and-eriksson-1536x658.jpg 1536w\" sizes=\"(max-width: 1920px) 100vw, 1920px\" \/><div class=\"wp-block-cover__inner-container is-layout-constrained wp-block-cover-is-layout-constrained\">\n<p class=\"has-text-align-center has-large-font-size\"><\/p>\n<\/div><\/div>\n\n\n<div class=\"ic-latest-posts post_type_ic_teammembers team_members\"><div class=\"post-entry\" data-entryid=\"425\"><div class=\"post-image\"><img decoding=\"async\" width=\"928\" height=\"1280\" src=\"https:\/\/casteels-eriksson.com\/wp-content\/uploads\/2025\/02\/tim.jpg\" class=\"attachment-post-thumbnail size-post-thumbnail wp-post-image\" alt=\"\" srcset=\"https:\/\/casteels-eriksson.com\/wp-content\/uploads\/2025\/02\/tim.jpg 928w, https:\/\/casteels-eriksson.com\/wp-content\/uploads\/2025\/02\/tim-218x300.jpg 218w, https:\/\/casteels-eriksson.com\/wp-content\/uploads\/2025\/02\/tim-742x1024.jpg 742w, https:\/\/casteels-eriksson.com\/wp-content\/uploads\/2025\/02\/tim-768x1059.jpg 768w\" sizes=\"(max-width: 928px) 100vw, 928px\" \/><\/div><div class=\"post-content\"><div class=\"post-title\"><a href=\"https:\/\/casteels-eriksson.com\/es\/teammember\/tim-casteels\/\" title=\"Tim Casteels\" data-post-id=\"425\">Tim Casteels<\/a><\/div><div class=\"post-intro\"><p>Fundador y Director de Ventas<\/p><\/div><\/div><\/div><div class=\"post-entry\" data-entryid=\"420\"><div class=\"post-image\"><img decoding=\"async\" width=\"928\" height=\"1280\" src=\"https:\/\/casteels-eriksson.com\/wp-content\/uploads\/2025\/03\/marianna.jpg\" class=\"attachment-post-thumbnail size-post-thumbnail wp-post-image\" alt=\"\" srcset=\"https:\/\/casteels-eriksson.com\/wp-content\/uploads\/2025\/03\/marianna.jpg 928w, https:\/\/casteels-eriksson.com\/wp-content\/uploads\/2025\/03\/marianna-218x300.jpg 218w, https:\/\/casteels-eriksson.com\/wp-content\/uploads\/2025\/03\/marianna-742x1024.jpg 742w, https:\/\/casteels-eriksson.com\/wp-content\/uploads\/2025\/03\/marianna-768x1059.jpg 768w\" sizes=\"(max-width: 928px) 100vw, 928px\" \/><\/div><div class=\"post-content\"><div class=\"post-title\"><a href=\"https:\/\/casteels-eriksson.com\/es\/teammember\/marianna-casteels-gidro\/\" title=\"Marianna Casteels-Gidr\u00f3\" data-post-id=\"420\">Marianna Casteels-Gidr\u00f3<\/a><\/div><div class=\"post-intro\"><p>Socia<\/p><\/div><\/div><\/div><div class=\"post-entry\" data-entryid=\"424\"><div class=\"post-image\"><img decoding=\"async\" width=\"928\" height=\"1280\" src=\"https:\/\/casteels-eriksson.com\/wp-content\/uploads\/2025\/02\/daniel.jpg\" class=\"attachment-post-thumbnail size-post-thumbnail wp-post-image\" alt=\"\" srcset=\"https:\/\/casteels-eriksson.com\/wp-content\/uploads\/2025\/02\/daniel.jpg 928w, https:\/\/casteels-eriksson.com\/wp-content\/uploads\/2025\/02\/daniel-218x300.jpg 218w, https:\/\/casteels-eriksson.com\/wp-content\/uploads\/2025\/02\/daniel-742x1024.jpg 742w, https:\/\/casteels-eriksson.com\/wp-content\/uploads\/2025\/02\/daniel-768x1059.jpg 768w\" sizes=\"(max-width: 928px) 100vw, 928px\" \/><\/div><div class=\"post-content\"><div class=\"post-title\"><a href=\"https:\/\/casteels-eriksson.com\/es\/teammember\/daniel-perez\/\" title=\"Daniel P\u00e9rez\" data-post-id=\"424\">Daniel P\u00e9rez<\/a><\/div><div class=\"post-intro\"><p>Agente de Ventas<\/p><\/div><\/div><\/div><div class=\"post-entry\" data-entryid=\"423\"><div class=\"post-image\"><img decoding=\"async\" width=\"928\" height=\"1280\" src=\"https:\/\/casteels-eriksson.com\/wp-content\/uploads\/2025\/02\/alexander.jpg\" class=\"attachment-post-thumbnail size-post-thumbnail wp-post-image\" alt=\"\" srcset=\"https:\/\/casteels-eriksson.com\/wp-content\/uploads\/2025\/02\/alexander.jpg 928w, https:\/\/casteels-eriksson.com\/wp-content\/uploads\/2025\/02\/alexander-218x300.jpg 218w, https:\/\/casteels-eriksson.com\/wp-content\/uploads\/2025\/02\/alexander-742x1024.jpg 742w, https:\/\/casteels-eriksson.com\/wp-content\/uploads\/2025\/02\/alexander-768x1059.jpg 768w\" sizes=\"(max-width: 928px) 100vw, 928px\" \/><\/div><div class=\"post-content\"><div class=\"post-title\"><a href=\"https:\/\/casteels-eriksson.com\/es\/teammember\/alexander-casteels\/\" title=\"Alexander Casteels\" data-post-id=\"423\">Alexander Casteels<\/a><\/div><div class=\"post-intro\"><p>Marca y Marketing<\/p><\/div><\/div><\/div><div class=\"post-entry\" data-entryid=\"419\"><div class=\"post-image\"><img decoding=\"async\" width=\"928\" height=\"1280\" src=\"https:\/\/casteels-eriksson.com\/wp-content\/uploads\/2025\/03\/sandra.jpg\" class=\"attachment-post-thumbnail size-post-thumbnail wp-post-image\" alt=\"\" srcset=\"https:\/\/casteels-eriksson.com\/wp-content\/uploads\/2025\/03\/sandra.jpg 928w, https:\/\/casteels-eriksson.com\/wp-content\/uploads\/2025\/03\/sandra-218x300.jpg 218w, https:\/\/casteels-eriksson.com\/wp-content\/uploads\/2025\/03\/sandra-742x1024.jpg 742w, https:\/\/casteels-eriksson.com\/wp-content\/uploads\/2025\/03\/sandra-768x1059.jpg 768w\" sizes=\"(max-width: 928px) 100vw, 928px\" \/><\/div><div class=\"post-content\"><div class=\"post-title\"><a href=\"https:\/\/casteels-eriksson.com\/es\/teammember\/sandra-eriksson\/\" title=\"Sandra Eriksson\" data-post-id=\"419\">Sandra Eriksson<\/a><\/div><div class=\"post-intro\"><p>Agente Asociada<\/p><\/div><\/div><\/div><\/div>\n<\/div><\/div>\n\n\n\n<div class=\"wp-block-group container contact_wrapper\"><div class=\"wp-block-group__inner-container is-layout-constrained wp-block-group-is-layout-constrained\">\n<div class=\"wp-block-columns is-layout-flex wp-container-core-columns-is-layout-9d6595d7 wp-block-columns-is-layout-flex\">\n<div class=\"wp-block-column is-layout-flow wp-block-column-is-layout-flow\" style=\"flex-basis:8.3333333%\"><\/div>\n\n\n\n<div class=\"wp-block-column is-layout-flow wp-block-column-is-layout-flow\">\n<h2 class=\"wp-block-heading\">Contacto<\/h2>\n\n\n\n<p>\u00bfTienes una consulta general o necesitas informaci\u00f3n sobre nuestros servicios? \u00a1Estamos aqu\u00ed para ayudarte! Ponte en contacto con nosotros para cualquier pregunta, comentario o solicitud. Nuestro equipo est\u00e1 listo para brindarte la asistencia que necesitas. \u00a1Esperamos tu mensaje!<\/p>\n<\/div>\n\n\n\n<div class=\"wp-block-column is-layout-flow wp-block-column-is-layout-flow\" style=\"flex-basis:8.3333333%\"><\/div>\n\n\n\n<div class=\"wp-block-column is-layout-flow wp-block-column-is-layout-flow\" style=\"flex-basis:50%\">\n<ul class=\"wp-block-list\">\n<li><strong>EMAIL<\/strong> <br><a href=\"mailto:info@casteels-eriksson.com\">info@casteels-eriksson.com<\/a><\/li>\n\n\n\n<li><strong>GENERAL<\/strong> <br><a href=\"tel:0034952002765\">+34 952 002 765<\/a><\/li>\n\n\n\n<li><strong>VENTAS<\/strong> <br><a href=\"tel:0034603755947\">+34 603 755 947<\/a><\/li>\n\n\n\n<li><strong>OFICINA<\/strong> <br><a href=\"https:\/\/maps.app.goo.gl\/gqrx9JEUHveGVM7Z9\" target=\"_blank\" rel=\"noreferrer noopener\">Urb. El Saladillo, Ed. Altair, Office 214, 29688, M\u00e1laga<\/a><\/li>\n<\/ul>\n<\/div>\n<\/div>\n<\/div><\/div>\n","protected":false},"excerpt":{"rendered":"<p>Tu Socio de Confianza en el Mercado Inmobiliario de la Costa del Sol Casteels &amp; Eriksson es una agencia inmobiliaria boutique con sede en la Costa del Sol. Desde nuestra oficina en Estepona, nuestro equipo&#8230;<\/p>\n","protected":false},"author":1,"featured_media":88,"parent":0,"menu_order":0,"comment_status":"closed","ping_status":"closed","template":"","meta":{"_acf_changed":false,"inline_featured_image":false,"footnotes":""},"class_list":["post-37","page","type-page","status-publish","has-post-thumbnail","hentry"],"acf":[],"yoast_head":"<!-- This site is optimized with the Yoast SEO plugin v27.3 - https:\/\/yoast.com\/product\/yoast-seo-wordpress\/ -->\n<title>About Us: Get to Know Us | Casteels &amp; Eriksson<\/title>\n<meta name=\"description\" content=\"Casteels &amp; Eriksson is a family-run real estate agency with over 25 years of experience on the Costa del Sol. We provide tailored services to our customers.\" \/>\n<meta name=\"robots\" content=\"index, follow, max-snippet:-1, max-image-preview:large, max-video-preview:-1\" \/>\n<link rel=\"canonical\" href=\"https:\/\/casteels-eriksson.com\/es\/sobre-nosotros\/\" \/>\n<meta property=\"og:locale\" content=\"es_ES\" \/>\n<meta property=\"og:type\" content=\"article\" \/>\n<meta property=\"og:title\" content=\"About Us: Get to Know Us | Casteels &amp; Eriksson\" \/>\n<meta property=\"og:description\" content=\"Casteels &amp; Eriksson is a family-run real estate agency with over 25 years of experience on the Costa del Sol. We provide tailored services to our customers.\" \/>\n<meta property=\"og:url\" content=\"https:\/\/casteels-eriksson.com\/es\/sobre-nosotros\/\" \/>\n<meta property=\"og:site_name\" content=\"Casteels &amp; Eriksson\" \/>\n<meta property=\"article:modified_time\" content=\"2025-03-13T12:23:33+00:00\" \/>\n<meta property=\"og:image\" content=\"https:\/\/casteels-eriksson.com\/wp-content\/uploads\/2025\/02\/casteels-and-eriksson.jpg\" \/>\n\t<meta property=\"og:image:width\" content=\"1920\" \/>\n\t<meta property=\"og:image:height\" content=\"823\" \/>\n\t<meta property=\"og:image:type\" content=\"image\/jpeg\" \/>\n<meta name=\"twitter:card\" content=\"summary_large_image\" \/>\n<meta name=\"twitter:label1\" content=\"Tiempo de lectura\" \/>\n\t<meta name=\"twitter:data1\" content=\"2 minutos\" \/>\n<script type=\"application\/ld+json\" class=\"yoast-schema-graph\">{\"@context\":\"https:\\\/\\\/schema.org\",\"@graph\":[{\"@type\":\"WebPage\",\"@id\":\"https:\\\/\\\/casteels-eriksson.com\\\/es\\\/sobre-nosotros\\\/\",\"url\":\"https:\\\/\\\/casteels-eriksson.com\\\/es\\\/sobre-nosotros\\\/\",\"name\":\"About Us: Get to Know Us | Casteels & Eriksson\",\"isPartOf\":{\"@id\":\"https:\\\/\\\/casteels-eriksson.com\\\/es\\\/#website\"},\"primaryImageOfPage\":{\"@id\":\"https:\\\/\\\/casteels-eriksson.com\\\/es\\\/sobre-nosotros\\\/#primaryimage\"},\"image\":{\"@id\":\"https:\\\/\\\/casteels-eriksson.com\\\/es\\\/sobre-nosotros\\\/#primaryimage\"},\"thumbnailUrl\":\"https:\\\/\\\/casteels-eriksson.com\\\/wp-content\\\/uploads\\\/2025\\\/02\\\/casteels-and-eriksson.jpg\",\"datePublished\":\"2025-02-06T09:20:53+00:00\",\"dateModified\":\"2025-03-13T12:23:33+00:00\",\"description\":\"Casteels & Eriksson is a family-run real estate agency with over 25 years of experience on the Costa del Sol. We provide tailored services to our customers.\",\"breadcrumb\":{\"@id\":\"https:\\\/\\\/casteels-eriksson.com\\\/es\\\/sobre-nosotros\\\/#breadcrumb\"},\"inLanguage\":\"es\",\"potentialAction\":[{\"@type\":\"ReadAction\",\"target\":[\"https:\\\/\\\/casteels-eriksson.com\\\/es\\\/sobre-nosotros\\\/\"]}]},{\"@type\":\"ImageObject\",\"inLanguage\":\"es\",\"@id\":\"https:\\\/\\\/casteels-eriksson.com\\\/es\\\/sobre-nosotros\\\/#primaryimage\",\"url\":\"https:\\\/\\\/casteels-eriksson.com\\\/wp-content\\\/uploads\\\/2025\\\/02\\\/casteels-and-eriksson.jpg\",\"contentUrl\":\"https:\\\/\\\/casteels-eriksson.com\\\/wp-content\\\/uploads\\\/2025\\\/02\\\/casteels-and-eriksson.jpg\",\"width\":1920,\"height\":823},{\"@type\":\"BreadcrumbList\",\"@id\":\"https:\\\/\\\/casteels-eriksson.com\\\/es\\\/sobre-nosotros\\\/#breadcrumb\",\"itemListElement\":[{\"@type\":\"ListItem\",\"position\":1,\"name\":\"Home\",\"item\":\"https:\\\/\\\/casteels-eriksson.com\\\/es\\\/\"},{\"@type\":\"ListItem\",\"position\":2,\"name\":\"Sobre nosotros\"}]},{\"@type\":\"WebSite\",\"@id\":\"https:\\\/\\\/casteels-eriksson.com\\\/es\\\/#website\",\"url\":\"https:\\\/\\\/casteels-eriksson.com\\\/es\\\/\",\"name\":\"Casteels &amp; Eriksson\",\"description\":\"Casteels &amp; Eriksson\",\"publisher\":{\"@id\":\"https:\\\/\\\/casteels-eriksson.com\\\/es\\\/#organization\"},\"alternateName\":\"Casteels & Eriksson\",\"potentialAction\":[{\"@type\":\"SearchAction\",\"target\":{\"@type\":\"EntryPoint\",\"urlTemplate\":\"https:\\\/\\\/casteels-eriksson.com\\\/es\\\/?s={search_term_string}\"},\"query-input\":{\"@type\":\"PropertyValueSpecification\",\"valueRequired\":true,\"valueName\":\"search_term_string\"}}],\"inLanguage\":\"es\"},{\"@type\":\"Organization\",\"@id\":\"https:\\\/\\\/casteels-eriksson.com\\\/es\\\/#organization\",\"name\":\"Casteels & Eriksson\",\"alternateName\":\"Casteels & Eriksson\",\"url\":\"https:\\\/\\\/casteels-eriksson.com\\\/es\\\/\",\"logo\":{\"@type\":\"ImageObject\",\"inLanguage\":\"es\",\"@id\":\"https:\\\/\\\/casteels-eriksson.com\\\/es\\\/#\\\/schema\\\/logo\\\/image\\\/\",\"url\":\"https:\\\/\\\/casteels-eriksson.com\\\/wp-content\\\/uploads\\\/2025\\\/02\\\/cropped-logo-casteels.png\",\"contentUrl\":\"https:\\\/\\\/casteels-eriksson.com\\\/wp-content\\\/uploads\\\/2025\\\/02\\\/cropped-logo-casteels.png\",\"width\":512,\"height\":512,\"caption\":\"Casteels & Eriksson\"},\"image\":{\"@id\":\"https:\\\/\\\/casteels-eriksson.com\\\/es\\\/#\\\/schema\\\/logo\\\/image\\\/\"}}]}<\/script>\n<!-- \/ Yoast SEO plugin. -->","yoast_head_json":{"title":"About Us: Get to Know Us | Casteels & Eriksson","description":"Casteels & Eriksson is a family-run real estate agency with over 25 years of experience on the Costa del Sol. We provide tailored services to our customers.","robots":{"index":"index","follow":"follow","max-snippet":"max-snippet:-1","max-image-preview":"max-image-preview:large","max-video-preview":"max-video-preview:-1"},"canonical":"https:\/\/casteels-eriksson.com\/es\/sobre-nosotros\/","og_locale":"es_ES","og_type":"article","og_title":"About Us: Get to Know Us | Casteels & Eriksson","og_description":"Casteels & Eriksson is a family-run real estate agency with over 25 years of experience on the Costa del Sol. We provide tailored services to our customers.","og_url":"https:\/\/casteels-eriksson.com\/es\/sobre-nosotros\/","og_site_name":"Casteels &amp; Eriksson","article_modified_time":"2025-03-13T12:23:33+00:00","og_image":[{"width":1920,"height":823,"url":"https:\/\/casteels-eriksson.com\/wp-content\/uploads\/2025\/02\/casteels-and-eriksson.jpg","type":"image\/jpeg"}],"twitter_card":"summary_large_image","twitter_misc":{"Tiempo de lectura":"2 minutos"},"schema":{"@context":"https:\/\/schema.org","@graph":[{"@type":"WebPage","@id":"https:\/\/casteels-eriksson.com\/es\/sobre-nosotros\/","url":"https:\/\/casteels-eriksson.com\/es\/sobre-nosotros\/","name":"About Us: Get to Know Us | Casteels & Eriksson","isPartOf":{"@id":"https:\/\/casteels-eriksson.com\/es\/#website"},"primaryImageOfPage":{"@id":"https:\/\/casteels-eriksson.com\/es\/sobre-nosotros\/#primaryimage"},"image":{"@id":"https:\/\/casteels-eriksson.com\/es\/sobre-nosotros\/#primaryimage"},"thumbnailUrl":"https:\/\/casteels-eriksson.com\/wp-content\/uploads\/2025\/02\/casteels-and-eriksson.jpg","datePublished":"2025-02-06T09:20:53+00:00","dateModified":"2025-03-13T12:23:33+00:00","description":"Casteels & Eriksson is a family-run real estate agency with over 25 years of experience on the Costa del Sol. We provide tailored services to our customers.","breadcrumb":{"@id":"https:\/\/casteels-eriksson.com\/es\/sobre-nosotros\/#breadcrumb"},"inLanguage":"es","potentialAction":[{"@type":"ReadAction","target":["https:\/\/casteels-eriksson.com\/es\/sobre-nosotros\/"]}]},{"@type":"ImageObject","inLanguage":"es","@id":"https:\/\/casteels-eriksson.com\/es\/sobre-nosotros\/#primaryimage","url":"https:\/\/casteels-eriksson.com\/wp-content\/uploads\/2025\/02\/casteels-and-eriksson.jpg","contentUrl":"https:\/\/casteels-eriksson.com\/wp-content\/uploads\/2025\/02\/casteels-and-eriksson.jpg","width":1920,"height":823},{"@type":"BreadcrumbList","@id":"https:\/\/casteels-eriksson.com\/es\/sobre-nosotros\/#breadcrumb","itemListElement":[{"@type":"ListItem","position":1,"name":"Home","item":"https:\/\/casteels-eriksson.com\/es\/"},{"@type":"ListItem","position":2,"name":"Sobre nosotros"}]},{"@type":"WebSite","@id":"https:\/\/casteels-eriksson.com\/es\/#website","url":"https:\/\/casteels-eriksson.com\/es\/","name":"Casteels &amp; Eriksson","description":"Casteels &amp; Eriksson","publisher":{"@id":"https:\/\/casteels-eriksson.com\/es\/#organization"},"alternateName":"Casteels & Eriksson","potentialAction":[{"@type":"SearchAction","target":{"@type":"EntryPoint","urlTemplate":"https:\/\/casteels-eriksson.com\/es\/?s={search_term_string}"},"query-input":{"@type":"PropertyValueSpecification","valueRequired":true,"valueName":"search_term_string"}}],"inLanguage":"es"},{"@type":"Organization","@id":"https:\/\/casteels-eriksson.com\/es\/#organization","name":"Casteels & Eriksson","alternateName":"Casteels & Eriksson","url":"https:\/\/casteels-eriksson.com\/es\/","logo":{"@type":"ImageObject","inLanguage":"es","@id":"https:\/\/casteels-eriksson.com\/es\/#\/schema\/logo\/image\/","url":"https:\/\/casteels-eriksson.com\/wp-content\/uploads\/2025\/02\/cropped-logo-casteels.png","contentUrl":"https:\/\/casteels-eriksson.com\/wp-content\/uploads\/2025\/02\/cropped-logo-casteels.png","width":512,"height":512,"caption":"Casteels & Eriksson"},"image":{"@id":"https:\/\/casteels-eriksson.com\/es\/#\/schema\/logo\/image\/"}}]}},"_links":{"self":[{"href":"https:\/\/casteels-eriksson.com\/es\/wp-json\/wp\/v2\/pages\/37","targetHints":{"allow":["GET"]}}],"collection":[{"href":"https:\/\/casteels-eriksson.com\/es\/wp-json\/wp\/v2\/pages"}],"about":[{"href":"https:\/\/casteels-eriksson.com\/es\/wp-json\/wp\/v2\/types\/page"}],"author":[{"embeddable":true,"href":"https:\/\/casteels-eriksson.com\/es\/wp-json\/wp\/v2\/users\/1"}],"replies":[{"embeddable":true,"href":"https:\/\/casteels-eriksson.com\/es\/wp-json\/wp\/v2\/comments?post=37"}],"version-history":[{"count":7,"href":"https:\/\/casteels-eriksson.com\/es\/wp-json\/wp\/v2\/pages\/37\/revisions"}],"predecessor-version":[{"id":410,"href":"https:\/\/casteels-eriksson.com\/es\/wp-json\/wp\/v2\/pages\/37\/revisions\/410"}],"wp:featuredmedia":[{"embeddable":true,"href":"https:\/\/casteels-eriksson.com\/es\/wp-json\/wp\/v2\/media\/88"}],"wp:attachment":[{"href":"https:\/\/casteels-eriksson.com\/es\/wp-json\/wp\/v2\/media?parent=37"}],"curies":[{"name":"wp","href":"https:\/\/api.w.org\/{rel}","templated":true}]}}