{"id":40,"date":"2025-02-06T09:20:32","date_gmt":"2025-02-06T09:20:32","guid":{"rendered":"https:\/\/casteels-eriksson.com\/\/vende\/"},"modified":"2025-03-13T12:14:57","modified_gmt":"2025-03-13T12:14:57","slug":"vender","status":"publish","type":"page","link":"https:\/\/casteels-eriksson.com\/es\/vender\/","title":{"rendered":"Vender"},"content":{"rendered":"\n<div class=\"wp-block-group page-image-intro\"><div class=\"wp-block-group__inner-container is-layout-constrained wp-block-group-is-layout-constrained\">\n<div class=\"wp-block-group container\"><div class=\"wp-block-group__inner-container is-layout-constrained wp-block-group-is-layout-constrained\">\n<div class=\"wp-block-columns is-layout-flex wp-container-core-columns-is-layout-9d6595d7 wp-block-columns-is-layout-flex\">\n<div class=\"wp-block-column is-layout-flow wp-block-column-is-layout-flow\" style=\"flex-basis:50%\">\n<div class=\"wp-block-cover is-light\"><span aria-hidden=\"true\" class=\"wp-block-cover__background has-background-dim-0 has-background-dim\" style=\"background-color:#8fa3b0\"><\/span><img decoding=\"async\" width=\"1920\" height=\"1076\" class=\"wp-block-cover__image-background wp-image-100\" alt=\"\" src=\"https:\/\/casteels-eriksson.com\/\/wp-content\/uploads\/2025\/02\/sell-property.jpg\" data-object-fit=\"cover\" srcset=\"https:\/\/casteels-eriksson.com\/wp-content\/uploads\/2025\/02\/sell-property.jpg 1920w, https:\/\/casteels-eriksson.com\/wp-content\/uploads\/2025\/02\/sell-property-300x168.jpg 300w, https:\/\/casteels-eriksson.com\/wp-content\/uploads\/2025\/02\/sell-property-1024x574.jpg 1024w, https:\/\/casteels-eriksson.com\/wp-content\/uploads\/2025\/02\/sell-property-768x430.jpg 768w, https:\/\/casteels-eriksson.com\/wp-content\/uploads\/2025\/02\/sell-property-1536x861.jpg 1536w\" sizes=\"(max-width: 1920px) 100vw, 1920px\" \/><div class=\"wp-block-cover__inner-container is-layout-constrained wp-block-cover-is-layout-constrained\">\n<p class=\"has-text-align-center has-large-font-size\"><\/p>\n<\/div><\/div>\n<\/div>\n\n\n\n<div class=\"wp-block-column is-layout-flow wp-block-column-is-layout-flow\" style=\"flex-basis:8.3333333%\"><\/div>\n\n\n\n<div class=\"wp-block-column is-layout-flow wp-block-column-is-layout-flow\">\n<h1 class=\"wp-block-heading\">Vende tu Propiedad con Confianza<\/h1>\n\n\n\n<p>Vender tu propiedad es una decisi\u00f3n importante, y estamos aqu\u00ed para hacerlo f\u00e1cil. En Casteels &amp; Eriksson, ofrecemos una experiencia sin estr\u00e9s y sin complicaciones, asegurando que tu propiedad obtenga la m\u00e1xima exposici\u00f3n mientras te mantenemos informado y en control.<\/p>\n<\/div>\n\n\n\n<div class=\"wp-block-column is-layout-flow wp-block-column-is-layout-flow\" style=\"flex-basis:8.3333333%\"><\/div>\n<\/div>\n<\/div><\/div>\n<\/div><\/div>\n\n\n\n<div class=\"wp-block-group container page-text-intro\"><div class=\"wp-block-group__inner-container is-layout-constrained wp-block-group-is-layout-constrained\">\n<div class=\"wp-block-columns is-layout-flex wp-container-core-columns-is-layout-9d6595d7 wp-block-columns-is-layout-flex\">\n<div class=\"wp-block-column is-layout-flow wp-block-column-is-layout-flow\" style=\"flex-basis:8.3333333%\"><\/div>\n\n\n\n<div class=\"wp-block-column is-layout-flow wp-block-column-is-layout-flow\" style=\"flex-basis:41.6666667%\">\n<h2 class=\"wp-block-heading\">Experiencia Local, Alcance Global<\/h2>\n\n\n\n<p>Con m\u00e1s de una d\u00e9cada de experiencia en el mercado inmobiliario de la Costa del Sol, ofrecemos una combinaci\u00f3n \u00fanica de conocimiento internacional y profundo expertise local. Nuestro equipo multiling\u00fce comprende tanto a compradores locales como internacionales, brindando a tu propiedad la mejor oportunidad a nivel global y local. Desde estrategias de precios expertas hasta negociaciones fluidas, te acompa\u00f1amos en cada etapa de la venta.<\/p>\n<\/div>\n\n\n\n<div class=\"wp-block-column is-layout-flow wp-block-column-is-layout-flow\" style=\"flex-basis:8.3333333%\"><\/div>\n\n\n\n<div class=\"wp-block-column is-layout-flow wp-block-column-is-layout-flow\">\n<h2 class=\"wp-block-heading\">Lo Que Ofrecemos:<\/h2>\n\n\n\n<ul class=\"wp-block-list\">\n<li><strong>Sin venta, sin comisi\u00f3n<\/strong> \u2013 solo pagas si vendemos<\/li>\n\n\n\n<li><strong>Fotograf\u00eda y v\u00eddeo de alta calidad<\/strong> para destacar tu propiedad<\/li>\n\n\n\n<li><strong>Marketing estrat\u00e9gico<\/strong> en las principales plataformas locales e internacionales<\/li>\n\n\n\n<li><strong>Promoci\u00f3n exclusiva<\/strong> en nuestra revista mensual <em>Club Magazine<\/em><\/li>\n\n\n\n<li><strong>Asesoramiento personalizado<\/strong> desde la publicaci\u00f3n hasta el cierre<\/li>\n<\/ul>\n<\/div>\n<\/div>\n<\/div><\/div>\n\n\n\n<div class=\"wp-block-group container footage\"><div class=\"wp-block-group__inner-container is-layout-constrained wp-block-group-is-layout-constrained\">\n<figure class=\"wp-block-video\"><video autoplay loop muted src=\"\/wp-content\/themes\/CasteelsEriksson\/videos\/test-header.mp4\" playsinline><\/video><\/figure>\n<\/div><\/div>\n\n\n\n<div class=\"wp-block-group container top_blue_bar_box\"><div class=\"wp-block-group__inner-container is-layout-constrained wp-block-group-is-layout-constrained\">\n<p class=\"has-text-align-center\">vende tu propiedad con nosotros<\/p>\n\n\n\n<h2 class=\"wp-block-heading has-text-align-center\">\u00bfBuscas algo m\u00e1s espec\u00edfico?<br><em>\u00a1Nosotros lo encontramos por ti!<\/em><\/h2>\n\n\n\n<div class=\"wp-block-buttons is-content-justification-center is-layout-flex wp-container-core-buttons-is-layout-16018d1d wp-block-buttons-is-layout-flex\">\n<div class=\"wp-block-button is-style-outline is-style-outline--1\"><a class=\"wp-block-button__link wp-element-button\" href=\"https:\/\/casteels-eriksson.com\/\/es\/contacto\/\">Cont\u00e1ctanos <img decoding=\"async\" width=\"24\" height=\"14\" class=\"wp-image-62\" style=\"width: 24px;\" src=\"https:\/\/casteels-eriksson.com\/\/wp-content\/uploads\/2025\/02\/gold-arrow.svg\" alt=\"\"><\/a><\/div>\n<\/div>\n<\/div><\/div>\n\n\n\n<div class=\"wp-block-group container contact_wrapper\"><div class=\"wp-block-group__inner-container is-layout-constrained wp-block-group-is-layout-constrained\">\n<div class=\"wp-block-columns is-layout-flex wp-container-core-columns-is-layout-9d6595d7 wp-block-columns-is-layout-flex\">\n<div class=\"wp-block-column is-layout-flow wp-block-column-is-layout-flow\" style=\"flex-basis:8.3333333%\"><\/div>\n\n\n\n<div class=\"wp-block-column is-layout-flow wp-block-column-is-layout-flow\">\n<h2 class=\"wp-block-heading\">Contacto<\/h2>\n\n\n\n<p>\u00bfTienes una consulta general o necesitas informaci\u00f3n sobre nuestros servicios? \u00a1Estamos aqu\u00ed para ayudarte! Ponte en contacto con nosotros para cualquier pregunta, comentario o solicitud. Nuestro equipo est\u00e1 listo para brindarte la asistencia que necesitas. \u00a1Esperamos tu mensaje!<\/p>\n<\/div>\n\n\n\n<div class=\"wp-block-column is-layout-flow wp-block-column-is-layout-flow\" style=\"flex-basis:8.3333333%\"><\/div>\n\n\n\n<div class=\"wp-block-column is-layout-flow wp-block-column-is-layout-flow\" style=\"flex-basis:50%\">\n<ul class=\"wp-block-list\">\n<li><strong>EMAIL<\/strong> <br><a href=\"mailto:info@casteels-eriksson.com\">info@casteels-eriksson.com<\/a><\/li>\n\n\n\n<li><strong>GENERAL<\/strong> <br><a href=\"tel:0034952002765\">+34 952 002 765<\/a><\/li>\n\n\n\n<li><strong>VENTAS<\/strong> <br><a href=\"tel:0034603755947\">+34 603 755 947<\/a><\/li>\n\n\n\n<li><strong>OFICINA<\/strong> <br><a href=\"https:\/\/maps.app.goo.gl\/gqrx9JEUHveGVM7Z9\" target=\"_blank\" rel=\"noreferrer noopener\">Urb. El Saladillo, Ed. Altair, Office 214, 29688, M\u00e1laga<\/a><\/li>\n<\/ul>\n<\/div>\n<\/div>\n<\/div><\/div>\n","protected":false},"excerpt":{"rendered":"<p>Vende tu Propiedad con Confianza Vender tu propiedad es una decisi\u00f3n importante, y estamos aqu\u00ed para hacerlo f\u00e1cil. En Casteels &amp; Eriksson, ofrecemos una experiencia sin estr\u00e9s y sin complicaciones, asegurando que tu propiedad obtenga&#8230;<\/p>\n","protected":false},"author":1,"featured_media":0,"parent":0,"menu_order":0,"comment_status":"closed","ping_status":"closed","template":"","meta":{"_acf_changed":false,"inline_featured_image":false,"footnotes":""},"class_list":["post-40","page","type-page","status-publish","hentry"],"acf":[],"yoast_head":"<!-- This site is optimized with the Yoast SEO plugin v27.3 - https:\/\/yoast.com\/product\/yoast-seo-wordpress\/ -->\n<title>Sell your Property on The Costa del Sol | Casteels &amp; Eriksson<\/title>\n<meta name=\"description\" content=\"Selling your property with Casteels &amp; Eriksson is a seamless, transparent, and efficient process. We will guide you every step of the way.\" \/>\n<meta name=\"robots\" content=\"index, follow, max-snippet:-1, max-image-preview:large, max-video-preview:-1\" \/>\n<link rel=\"canonical\" href=\"https:\/\/casteels-eriksson.com\/es\/vender\/\" \/>\n<meta property=\"og:locale\" content=\"es_ES\" \/>\n<meta property=\"og:type\" content=\"article\" \/>\n<meta property=\"og:title\" content=\"Sell your Property on The Costa del Sol | Casteels &amp; Eriksson\" \/>\n<meta property=\"og:description\" content=\"Selling your property with Casteels &amp; Eriksson is a seamless, transparent, and efficient process. We will guide you every step of the way.\" \/>\n<meta property=\"og:url\" content=\"https:\/\/casteels-eriksson.com\/es\/vender\/\" \/>\n<meta property=\"og:site_name\" content=\"Casteels &amp; Eriksson\" \/>\n<meta property=\"article:modified_time\" content=\"2025-03-13T12:14:57+00:00\" \/>\n<meta property=\"og:image\" content=\"https:\/\/casteels-eriksson.com\/\/wp-content\/uploads\/2025\/02\/sell-property.jpg\" \/>\n<meta name=\"twitter:card\" content=\"summary_large_image\" \/>\n<meta name=\"twitter:label1\" content=\"Tiempo de lectura\" \/>\n\t<meta name=\"twitter:data1\" content=\"3 minutos\" \/>\n<script type=\"application\/ld+json\" class=\"yoast-schema-graph\">{\"@context\":\"https:\\\/\\\/schema.org\",\"@graph\":[{\"@type\":\"WebPage\",\"@id\":\"https:\\\/\\\/casteels-eriksson.com\\\/es\\\/vender\\\/\",\"url\":\"https:\\\/\\\/casteels-eriksson.com\\\/es\\\/vender\\\/\",\"name\":\"Sell your Property on The Costa del Sol | Casteels & Eriksson\",\"isPartOf\":{\"@id\":\"https:\\\/\\\/casteels-eriksson.com\\\/es\\\/#website\"},\"primaryImageOfPage\":{\"@id\":\"https:\\\/\\\/casteels-eriksson.com\\\/es\\\/vender\\\/#primaryimage\"},\"image\":{\"@id\":\"https:\\\/\\\/casteels-eriksson.com\\\/es\\\/vender\\\/#primaryimage\"},\"thumbnailUrl\":\"https:\\\/\\\/casteels-eriksson.com\\\/\\\/wp-content\\\/uploads\\\/2025\\\/02\\\/sell-property.jpg\",\"datePublished\":\"2025-02-06T09:20:32+00:00\",\"dateModified\":\"2025-03-13T12:14:57+00:00\",\"description\":\"Selling your property with Casteels & Eriksson is a seamless, transparent, and efficient process. We will guide you every step of the way.\",\"breadcrumb\":{\"@id\":\"https:\\\/\\\/casteels-eriksson.com\\\/es\\\/vender\\\/#breadcrumb\"},\"inLanguage\":\"es\",\"potentialAction\":[{\"@type\":\"ReadAction\",\"target\":[\"https:\\\/\\\/casteels-eriksson.com\\\/es\\\/vender\\\/\"]}]},{\"@type\":\"ImageObject\",\"inLanguage\":\"es\",\"@id\":\"https:\\\/\\\/casteels-eriksson.com\\\/es\\\/vender\\\/#primaryimage\",\"url\":\"https:\\\/\\\/casteels-eriksson.com\\\/\\\/wp-content\\\/uploads\\\/2025\\\/02\\\/sell-property.jpg\",\"contentUrl\":\"https:\\\/\\\/casteels-eriksson.com\\\/\\\/wp-content\\\/uploads\\\/2025\\\/02\\\/sell-property.jpg\"},{\"@type\":\"BreadcrumbList\",\"@id\":\"https:\\\/\\\/casteels-eriksson.com\\\/es\\\/vender\\\/#breadcrumb\",\"itemListElement\":[{\"@type\":\"ListItem\",\"position\":1,\"name\":\"Home\",\"item\":\"https:\\\/\\\/casteels-eriksson.com\\\/es\\\/\"},{\"@type\":\"ListItem\",\"position\":2,\"name\":\"Vender\"}]},{\"@type\":\"WebSite\",\"@id\":\"https:\\\/\\\/casteels-eriksson.com\\\/es\\\/#website\",\"url\":\"https:\\\/\\\/casteels-eriksson.com\\\/es\\\/\",\"name\":\"Casteels &amp; Eriksson\",\"description\":\"Casteels &amp; Eriksson\",\"publisher\":{\"@id\":\"https:\\\/\\\/casteels-eriksson.com\\\/es\\\/#organization\"},\"alternateName\":\"Casteels & Eriksson\",\"potentialAction\":[{\"@type\":\"SearchAction\",\"target\":{\"@type\":\"EntryPoint\",\"urlTemplate\":\"https:\\\/\\\/casteels-eriksson.com\\\/es\\\/?s={search_term_string}\"},\"query-input\":{\"@type\":\"PropertyValueSpecification\",\"valueRequired\":true,\"valueName\":\"search_term_string\"}}],\"inLanguage\":\"es\"},{\"@type\":\"Organization\",\"@id\":\"https:\\\/\\\/casteels-eriksson.com\\\/es\\\/#organization\",\"name\":\"Casteels & Eriksson\",\"alternateName\":\"Casteels & Eriksson\",\"url\":\"https:\\\/\\\/casteels-eriksson.com\\\/es\\\/\",\"logo\":{\"@type\":\"ImageObject\",\"inLanguage\":\"es\",\"@id\":\"https:\\\/\\\/casteels-eriksson.com\\\/es\\\/#\\\/schema\\\/logo\\\/image\\\/\",\"url\":\"https:\\\/\\\/casteels-eriksson.com\\\/wp-content\\\/uploads\\\/2025\\\/02\\\/cropped-logo-casteels.png\",\"contentUrl\":\"https:\\\/\\\/casteels-eriksson.com\\\/wp-content\\\/uploads\\\/2025\\\/02\\\/cropped-logo-casteels.png\",\"width\":512,\"height\":512,\"caption\":\"Casteels & Eriksson\"},\"image\":{\"@id\":\"https:\\\/\\\/casteels-eriksson.com\\\/es\\\/#\\\/schema\\\/logo\\\/image\\\/\"}}]}<\/script>\n<!-- \/ Yoast SEO plugin. -->","yoast_head_json":{"title":"Sell your Property on The Costa del Sol | Casteels & Eriksson","description":"Selling your property with Casteels & Eriksson is a seamless, transparent, and efficient process. We will guide you every step of the way.","robots":{"index":"index","follow":"follow","max-snippet":"max-snippet:-1","max-image-preview":"max-image-preview:large","max-video-preview":"max-video-preview:-1"},"canonical":"https:\/\/casteels-eriksson.com\/es\/vender\/","og_locale":"es_ES","og_type":"article","og_title":"Sell your Property on The Costa del Sol | Casteels & Eriksson","og_description":"Selling your property with Casteels & Eriksson is a seamless, transparent, and efficient process. We will guide you every step of the way.","og_url":"https:\/\/casteels-eriksson.com\/es\/vender\/","og_site_name":"Casteels &amp; Eriksson","article_modified_time":"2025-03-13T12:14:57+00:00","og_image":[{"url":"https:\/\/casteels-eriksson.com\/\/wp-content\/uploads\/2025\/02\/sell-property.jpg","type":"","width":"","height":""}],"twitter_card":"summary_large_image","twitter_misc":{"Tiempo de lectura":"3 minutos"},"schema":{"@context":"https:\/\/schema.org","@graph":[{"@type":"WebPage","@id":"https:\/\/casteels-eriksson.com\/es\/vender\/","url":"https:\/\/casteels-eriksson.com\/es\/vender\/","name":"Sell your Property on The Costa del Sol | Casteels & Eriksson","isPartOf":{"@id":"https:\/\/casteels-eriksson.com\/es\/#website"},"primaryImageOfPage":{"@id":"https:\/\/casteels-eriksson.com\/es\/vender\/#primaryimage"},"image":{"@id":"https:\/\/casteels-eriksson.com\/es\/vender\/#primaryimage"},"thumbnailUrl":"https:\/\/casteels-eriksson.com\/\/wp-content\/uploads\/2025\/02\/sell-property.jpg","datePublished":"2025-02-06T09:20:32+00:00","dateModified":"2025-03-13T12:14:57+00:00","description":"Selling your property with Casteels & Eriksson is a seamless, transparent, and efficient process. We will guide you every step of the way.","breadcrumb":{"@id":"https:\/\/casteels-eriksson.com\/es\/vender\/#breadcrumb"},"inLanguage":"es","potentialAction":[{"@type":"ReadAction","target":["https:\/\/casteels-eriksson.com\/es\/vender\/"]}]},{"@type":"ImageObject","inLanguage":"es","@id":"https:\/\/casteels-eriksson.com\/es\/vender\/#primaryimage","url":"https:\/\/casteels-eriksson.com\/\/wp-content\/uploads\/2025\/02\/sell-property.jpg","contentUrl":"https:\/\/casteels-eriksson.com\/\/wp-content\/uploads\/2025\/02\/sell-property.jpg"},{"@type":"BreadcrumbList","@id":"https:\/\/casteels-eriksson.com\/es\/vender\/#breadcrumb","itemListElement":[{"@type":"ListItem","position":1,"name":"Home","item":"https:\/\/casteels-eriksson.com\/es\/"},{"@type":"ListItem","position":2,"name":"Vender"}]},{"@type":"WebSite","@id":"https:\/\/casteels-eriksson.com\/es\/#website","url":"https:\/\/casteels-eriksson.com\/es\/","name":"Casteels &amp; Eriksson","description":"Casteels &amp; Eriksson","publisher":{"@id":"https:\/\/casteels-eriksson.com\/es\/#organization"},"alternateName":"Casteels & Eriksson","potentialAction":[{"@type":"SearchAction","target":{"@type":"EntryPoint","urlTemplate":"https:\/\/casteels-eriksson.com\/es\/?s={search_term_string}"},"query-input":{"@type":"PropertyValueSpecification","valueRequired":true,"valueName":"search_term_string"}}],"inLanguage":"es"},{"@type":"Organization","@id":"https:\/\/casteels-eriksson.com\/es\/#organization","name":"Casteels & Eriksson","alternateName":"Casteels & Eriksson","url":"https:\/\/casteels-eriksson.com\/es\/","logo":{"@type":"ImageObject","inLanguage":"es","@id":"https:\/\/casteels-eriksson.com\/es\/#\/schema\/logo\/image\/","url":"https:\/\/casteels-eriksson.com\/wp-content\/uploads\/2025\/02\/cropped-logo-casteels.png","contentUrl":"https:\/\/casteels-eriksson.com\/wp-content\/uploads\/2025\/02\/cropped-logo-casteels.png","width":512,"height":512,"caption":"Casteels & Eriksson"},"image":{"@id":"https:\/\/casteels-eriksson.com\/es\/#\/schema\/logo\/image\/"}}]}},"_links":{"self":[{"href":"https:\/\/casteels-eriksson.com\/es\/wp-json\/wp\/v2\/pages\/40","targetHints":{"allow":["GET"]}}],"collection":[{"href":"https:\/\/casteels-eriksson.com\/es\/wp-json\/wp\/v2\/pages"}],"about":[{"href":"https:\/\/casteels-eriksson.com\/es\/wp-json\/wp\/v2\/types\/page"}],"author":[{"embeddable":true,"href":"https:\/\/casteels-eriksson.com\/es\/wp-json\/wp\/v2\/users\/1"}],"replies":[{"embeddable":true,"href":"https:\/\/casteels-eriksson.com\/es\/wp-json\/wp\/v2\/comments?post=40"}],"version-history":[{"count":8,"href":"https:\/\/casteels-eriksson.com\/es\/wp-json\/wp\/v2\/pages\/40\/revisions"}],"predecessor-version":[{"id":394,"href":"https:\/\/casteels-eriksson.com\/es\/wp-json\/wp\/v2\/pages\/40\/revisions\/394"}],"wp:attachment":[{"href":"https:\/\/casteels-eriksson.com\/es\/wp-json\/wp\/v2\/media?parent=40"}],"curies":[{"name":"wp","href":"https:\/\/api.w.org\/{rel}","templated":true}]}}