{"id":44,"date":"2025-02-06T09:20:43","date_gmt":"2025-02-06T09:20:43","guid":{"rendered":"https:\/\/casteels-eriksson.com\/\/renovate\/"},"modified":"2025-03-21T12:53:14","modified_gmt":"2025-03-21T12:53:14","slug":"renovar","status":"publish","type":"page","link":"https:\/\/casteels-eriksson.com\/es\/renovar\/","title":{"rendered":"Renovar"},"content":{"rendered":"\n<div class=\"wp-block-group page-image-intro\"><div class=\"wp-block-group__inner-container is-layout-constrained wp-block-group-is-layout-constrained\">\n<div class=\"wp-block-group container\"><div class=\"wp-block-group__inner-container is-layout-constrained wp-block-group-is-layout-constrained\">\n<div class=\"wp-block-columns is-layout-flex wp-container-core-columns-is-layout-9d6595d7 wp-block-columns-is-layout-flex\">\n<div class=\"wp-block-column is-layout-flow wp-block-column-is-layout-flow\" style=\"flex-basis:50%\">\n<div class=\"wp-block-cover\"><span aria-hidden=\"true\" class=\"wp-block-cover__background has-background-dim-0 has-background-dim\" style=\"background-color:#836544\"><\/span><img decoding=\"async\" width=\"1920\" height=\"1080\" class=\"wp-block-cover__image-background wp-image-116\" alt=\"\" src=\"https:\/\/casteels-eriksson.com\/\/wp-content\/uploads\/2025\/02\/transformint-homes.jpg\" data-object-fit=\"cover\" srcset=\"https:\/\/casteels-eriksson.com\/wp-content\/uploads\/2025\/02\/transformint-homes.jpg 1920w, https:\/\/casteels-eriksson.com\/wp-content\/uploads\/2025\/02\/transformint-homes-300x169.jpg 300w, https:\/\/casteels-eriksson.com\/wp-content\/uploads\/2025\/02\/transformint-homes-1024x576.jpg 1024w, https:\/\/casteels-eriksson.com\/wp-content\/uploads\/2025\/02\/transformint-homes-768x432.jpg 768w, https:\/\/casteels-eriksson.com\/wp-content\/uploads\/2025\/02\/transformint-homes-1536x864.jpg 1536w\" sizes=\"(max-width: 1920px) 100vw, 1920px\" \/><div class=\"wp-block-cover__inner-container is-layout-constrained wp-block-cover-is-layout-constrained\">\n<p class=\"has-text-align-center has-large-font-size\"><\/p>\n<\/div><\/div>\n<\/div>\n\n\n\n<div class=\"wp-block-column is-layout-flow wp-block-column-is-layout-flow\" style=\"flex-basis:8.333333%\"><\/div>\n\n\n\n<div class=\"wp-block-column is-layout-flow wp-block-column-is-layout-flow\">\n<h1 class=\"wp-block-heading\">Transformando Hogares, Elevando Estilos de Vida<\/h1>\n\n\n\n<p>En Casteels &amp; Eriksson, vamos m\u00e1s all\u00e1 de encontrar tu hogar ideal: transformamos propiedades en espacios impresionantes y funcionales adaptados a tu estilo de vida. Ya sea renovando un espacio o llevando a cabo una reforma integral, nuestros proyectos est\u00e1n dise\u00f1ados para mejorar la calidad, el estilo y la funcionalidad. Con una meticulosa atenci\u00f3n al detalle y un profundo respeto por la arquitectura local, nos enorgullecemos de crear hogares que no solo se ven espectaculares, sino que tambi\u00e9n se sienten \u00fanicos, dise\u00f1ados para brillar bajo el sol de la Costa del Sol.<\/p>\n<\/div>\n\n\n\n<div class=\"wp-block-column is-layout-flow wp-block-column-is-layout-flow\" style=\"flex-basis:8.333333%\"><\/div>\n<\/div>\n<\/div><\/div>\n<\/div><\/div>\n\n\n\n<div class=\"wp-block-group container page-text-intro\"><div class=\"wp-block-group__inner-container is-layout-constrained wp-block-group-is-layout-constrained\">\n<div class=\"wp-block-columns is-layout-flex wp-container-core-columns-is-layout-9d6595d7 wp-block-columns-is-layout-flex\">\n<div class=\"wp-block-column is-layout-flow wp-block-column-is-layout-flow\" style=\"flex-basis:8.333333%\"><\/div>\n\n\n\n<div class=\"wp-block-column is-layout-flow wp-block-column-is-layout-flow\" style=\"flex-basis:41.6666667%\">\n<h2 class=\"wp-block-heading\">Reforma con Total Tranquilidad<\/h2>\n\n\n\n<p>Renovar tu hogar debe ser una experiencia emocionante, no estresante. Gracias a nuestra amplia experiencia local y una red seleccionada de profesionales altamente cualificados, supervisamos cada etapa de tu proyecto con precisi\u00f3n. Desde la idea inicial hasta los \u00faltimos detalles, hacemos realidad tu visi\u00f3n con una ejecuci\u00f3n impecable, gestionando cada aspecto para que disfrutes del proceso sin preocupaciones.<\/p>\n<\/div>\n\n\n\n<div class=\"wp-block-column is-layout-flow wp-block-column-is-layout-flow\" style=\"flex-basis:8.333333%\"><\/div>\n\n\n\n<div class=\"wp-block-column is-layout-flow wp-block-column-is-layout-flow\">\n<h2 class=\"wp-block-heading\">Lo Que Ofrecemos:<\/h2>\n\n\n\n<ul class=\"wp-block-list\">\n<li><strong>Coordinaci\u00f3n experta<\/strong> con constructores y especialistas de confianza<\/li>\n\n\n\n<li><strong>Gesti\u00f3n integral del proyecto<\/strong> para mantener plazos y presupuesto bajo control<\/li>\n\n\n\n<li><strong>Planificaci\u00f3n financiera inteligente<\/strong> con transparencia en los costos<\/li>\n\n\n\n<li><strong>Tramitaci\u00f3n sin complicaciones<\/strong> de licencias y documentaci\u00f3n legal<\/li>\n\n\n\n<li><strong>Control de calidad<\/strong> en cada fase del proyecto<\/li>\n\n\n\n<li><strong>Comunicaci\u00f3n clara y constante<\/strong> con actualizaciones peri\u00f3dicas<\/li>\n\n\n\n<li><strong>Inspecci\u00f3n final y entrega<\/strong> para un resultado impecable<\/li>\n<\/ul>\n<\/div>\n<\/div>\n<\/div><\/div>\n\n\n\n<div class=\"wp-block-group container projects\"><div class=\"wp-block-group__inner-container is-layout-constrained wp-block-group-is-layout-constrained\">\n<h2 class=\"wp-block-heading\">Nuestros Proyectos<\/h2>\n\n\n\n<div class=\"wp-block-cover is-light\"><span aria-hidden=\"true\" class=\"wp-block-cover__background has-background-dim-0 has-background-dim\" style=\"background-color:#bdb9b3\"><\/span><img decoding=\"async\" width=\"1920\" height=\"1080\" class=\"wp-block-cover__image-background wp-image-122\" alt=\"\" src=\"https:\/\/casteels-eriksson.com\/\/wp-content\/uploads\/2025\/02\/renovation-a.jpg\" data-object-fit=\"cover\" srcset=\"https:\/\/casteels-eriksson.com\/wp-content\/uploads\/2025\/02\/renovation-a.jpg 1920w, https:\/\/casteels-eriksson.com\/wp-content\/uploads\/2025\/02\/renovation-a-300x169.jpg 300w, https:\/\/casteels-eriksson.com\/wp-content\/uploads\/2025\/02\/renovation-a-1024x576.jpg 1024w, https:\/\/casteels-eriksson.com\/wp-content\/uploads\/2025\/02\/renovation-a-768x432.jpg 768w, https:\/\/casteels-eriksson.com\/wp-content\/uploads\/2025\/02\/renovation-a-1536x864.jpg 1536w\" sizes=\"(max-width: 1920px) 100vw, 1920px\" \/><div class=\"wp-block-cover__inner-container is-layout-constrained wp-block-cover-is-layout-constrained\">\n<p class=\"has-text-align-center has-medium-font-size\"><a href=\"https:\/\/casteels-eriksson.com\/\/es\/renovate\/renovation-project-el-chaparral\/\">Reforma El Chaparral<br><em>Mijas<\/em><\/a><\/p>\n<\/div><\/div>\n\n\n\n<div class=\"wp-block-columns is-layout-flex wp-container-core-columns-is-layout-9d6595d7 wp-block-columns-is-layout-flex\">\n<div class=\"wp-block-column is-layout-flow wp-block-column-is-layout-flow\">\n<div class=\"wp-block-cover is-light\"><span aria-hidden=\"true\" class=\"wp-block-cover__background has-background-dim-0 has-background-dim\" style=\"background-color:#a6b5c0\"><\/span><img decoding=\"async\" width=\"1080\" height=\"810\" class=\"wp-block-cover__image-background wp-image-879\" alt=\"\" src=\"https:\/\/casteels-eriksson.com\/\/wp-content\/uploads\/2025\/03\/monte-y-mar-new-exterior-0.jpg\" data-object-fit=\"cover\" srcset=\"https:\/\/casteels-eriksson.com\/wp-content\/uploads\/2025\/03\/monte-y-mar-new-exterior-0.jpg 1080w, https:\/\/casteels-eriksson.com\/wp-content\/uploads\/2025\/03\/monte-y-mar-new-exterior-0-300x225.jpg 300w, https:\/\/casteels-eriksson.com\/wp-content\/uploads\/2025\/03\/monte-y-mar-new-exterior-0-1024x768.jpg 1024w, https:\/\/casteels-eriksson.com\/wp-content\/uploads\/2025\/03\/monte-y-mar-new-exterior-0-768x576.jpg 768w\" sizes=\"(max-width: 1080px) 100vw, 1080px\" \/><div class=\"wp-block-cover__inner-container is-layout-constrained wp-block-cover-is-layout-constrained\">\n<p class=\"has-text-align-left has-medium-font-size\"><a href=\"https:\/\/casteels-eriksson.com\/\/es\/renovar\/proyecto-de-reforma-monte-y-mar\/\">Reforma Monte y Mar<br><em>Rincon de la Victoria<\/em><\/a><\/p>\n<\/div><\/div>\n<\/div>\n\n\n\n<div class=\"wp-block-column is-layout-flow wp-block-column-is-layout-flow\">\n<div class=\"wp-block-cover is-light\"><span aria-hidden=\"true\" class=\"wp-block-cover__background has-background-dim-0 has-background-dim\" style=\"background-color:#aaacad\"><\/span><img decoding=\"async\" width=\"1154\" height=\"770\" class=\"wp-block-cover__image-background wp-image-981\" alt=\"\" src=\"https:\/\/casteels-eriksson.com\/\/wp-content\/uploads\/2025\/03\/Playa-Miraflores-Riviera-del-Sol-1-1.jpg\" data-object-fit=\"cover\" srcset=\"https:\/\/casteels-eriksson.com\/wp-content\/uploads\/2025\/03\/Playa-Miraflores-Riviera-del-Sol-1-1.jpg 1154w, https:\/\/casteels-eriksson.com\/wp-content\/uploads\/2025\/03\/Playa-Miraflores-Riviera-del-Sol-1-1-300x200.jpg 300w, https:\/\/casteels-eriksson.com\/wp-content\/uploads\/2025\/03\/Playa-Miraflores-Riviera-del-Sol-1-1-1024x683.jpg 1024w, https:\/\/casteels-eriksson.com\/wp-content\/uploads\/2025\/03\/Playa-Miraflores-Riviera-del-Sol-1-1-768x512.jpg 768w\" sizes=\"(max-width: 1154px) 100vw, 1154px\" \/><div class=\"wp-block-cover__inner-container is-layout-constrained wp-block-cover-is-layout-constrained\">\n<p class=\"has-text-align-left has-medium-font-size\"><a href=\"https:\/\/casteels-eriksson.com\/\/es\/renovar\/proyecto-de-reforma-playa-miraflores\/\">Reforma Playa Miraflores<br><em>Riviera del Sol<\/em><\/a><\/p>\n<\/div><\/div>\n<\/div>\n<\/div>\n\n\n\n<div class=\"wp-block-columns is-layout-flex wp-container-core-columns-is-layout-9d6595d7 wp-block-columns-is-layout-flex\">\n<div class=\"wp-block-column is-layout-flow wp-block-column-is-layout-flow\">\n<div class=\"wp-block-cover is-light\"><span aria-hidden=\"true\" class=\"wp-block-cover__background has-background-dim-0 has-background-dim\" style=\"background-color:#908d8c\"><\/span><img decoding=\"async\" width=\"1891\" height=\"1185\" class=\"wp-block-cover__image-background wp-image-1056\" alt=\"\" src=\"https:\/\/casteels-eriksson.com\/\/wp-content\/uploads\/2025\/03\/calahonda.jpg\" data-object-fit=\"cover\" srcset=\"https:\/\/casteels-eriksson.com\/wp-content\/uploads\/2025\/03\/calahonda.jpg 1891w, https:\/\/casteels-eriksson.com\/wp-content\/uploads\/2025\/03\/calahonda-300x188.jpg 300w, https:\/\/casteels-eriksson.com\/wp-content\/uploads\/2025\/03\/calahonda-1024x642.jpg 1024w, https:\/\/casteels-eriksson.com\/wp-content\/uploads\/2025\/03\/calahonda-768x481.jpg 768w, https:\/\/casteels-eriksson.com\/wp-content\/uploads\/2025\/03\/calahonda-1536x963.jpg 1536w\" sizes=\"(max-width: 1891px) 100vw, 1891px\" \/><div class=\"wp-block-cover__inner-container is-layout-constrained wp-block-cover-is-layout-constrained\">\n<p class=\"has-text-align-left has-medium-font-size\"><a href=\"#\">Reforma Villa Calahonda<br><em>en breve<\/em><\/a><\/p>\n<\/div><\/div>\n<\/div>\n\n\n\n<div class=\"wp-block-column is-layout-flow wp-block-column-is-layout-flow\">\n<div class=\"wp-block-cover\"><span aria-hidden=\"true\" class=\"wp-block-cover__background has-background-dim-0 has-background-dim\" style=\"background-color:#565437\"><\/span><img decoding=\"async\" width=\"1920\" height=\"1080\" class=\"wp-block-cover__image-background wp-image-1060\" alt=\"\" src=\"https:\/\/casteels-eriksson.com\/\/wp-content\/uploads\/2025\/03\/la-reserva.jpg\" data-object-fit=\"cover\" srcset=\"https:\/\/casteels-eriksson.com\/wp-content\/uploads\/2025\/03\/la-reserva.jpg 1920w, https:\/\/casteels-eriksson.com\/wp-content\/uploads\/2025\/03\/la-reserva-300x169.jpg 300w, https:\/\/casteels-eriksson.com\/wp-content\/uploads\/2025\/03\/la-reserva-1024x576.jpg 1024w, https:\/\/casteels-eriksson.com\/wp-content\/uploads\/2025\/03\/la-reserva-768x432.jpg 768w, https:\/\/casteels-eriksson.com\/wp-content\/uploads\/2025\/03\/la-reserva-1536x864.jpg 1536w\" sizes=\"(max-width: 1920px) 100vw, 1920px\" \/><div class=\"wp-block-cover__inner-container is-layout-constrained wp-block-cover-is-layout-constrained\">\n<p class=\"has-text-align-left has-medium-font-size\"><a href=\"#\">Reforma Villa La Reserva<br><em>en breve<\/em><\/a><\/p>\n<\/div><\/div>\n<\/div>\n<\/div>\n<\/div><\/div>\n\n\n\n<div class=\"wp-block-group container contact_wrapper\"><div class=\"wp-block-group__inner-container is-layout-constrained wp-block-group-is-layout-constrained\">\n<div class=\"wp-block-columns is-layout-flex wp-container-core-columns-is-layout-9d6595d7 wp-block-columns-is-layout-flex\">\n<div class=\"wp-block-column is-layout-flow wp-block-column-is-layout-flow\" style=\"flex-basis:8.3333333%\"><\/div>\n\n\n\n<div class=\"wp-block-column is-layout-flow wp-block-column-is-layout-flow\">\n<h2 class=\"wp-block-heading\">\u00bfNecesitas ayuda con tu proyecto de reforma?<\/h2>\n\n\n\n<p>\u00bfQuieres sacar el m\u00e1ximo partido a tu propiedad? En Casteels &amp; Eriksson nos encargamos de todo: dise\u00f1o, gesti\u00f3n del proyecto y venta. Transformamos tu vivienda y maximizamos su valor mientras t\u00fa te relajas y disfrutas del resultado.<\/p>\n<\/div>\n\n\n\n<div class=\"wp-block-column is-layout-flow wp-block-column-is-layout-flow\" style=\"flex-basis:8.3333333%\"><\/div>\n\n\n\n<div class=\"wp-block-column is-layout-flow wp-block-column-is-layout-flow\" style=\"flex-basis:50%\">\n<ul class=\"wp-block-list\">\n<li><strong>EMAIL<\/strong> <br><a href=\"mailto:info@casteels-eriksson.com\">info@casteels-eriksson.com<\/a><\/li>\n\n\n\n<li><strong>GENERAL<\/strong> <br><a href=\"tel:0034952002765\">+34 952 002 765<\/a><\/li>\n\n\n\n<li><strong>VENTAS<\/strong> <br><a href=\"tel:0034603755947\">+34 603 755 947<\/a><\/li>\n\n\n\n<li><strong>OFICINA<\/strong> <br><a href=\"https:\/\/maps.app.goo.gl\/gqrx9JEUHveGVM7Z9\" target=\"_blank\" rel=\"noreferrer noopener\">Urb. El Saladillo, Ed. Altair, Office 214, 29688, M\u00e1laga<\/a><\/li>\n<\/ul>\n<\/div>\n<\/div>\n<\/div><\/div>\n","protected":false},"excerpt":{"rendered":"<p>Transformando Hogares, Elevando Estilos de Vida En Casteels &amp; Eriksson, vamos m\u00e1s all\u00e1 de encontrar tu hogar ideal: transformamos propiedades en espacios impresionantes y funcionales adaptados a tu estilo de vida. Ya sea renovando un&#8230;<\/p>\n","protected":false},"author":1,"featured_media":117,"parent":0,"menu_order":0,"comment_status":"closed","ping_status":"closed","template":"","meta":{"_acf_changed":false,"inline_featured_image":false,"footnotes":""},"class_list":["post-44","page","type-page","status-publish","has-post-thumbnail","hentry"],"acf":[],"yoast_head":"<!-- This site is optimized with the Yoast SEO plugin v27.3 - https:\/\/yoast.com\/product\/yoast-seo-wordpress\/ -->\n<title>Renovate Your Property With Us | Casteels &amp; Eriksson<\/title>\n<meta name=\"description\" content=\"At Casteels &amp; Eriksson, we don\u2019t just help you find the perfect home \u2014 we also bring new life to existing properties. Transforming homes, elevating lifestyles.\" \/>\n<meta name=\"robots\" content=\"index, follow, max-snippet:-1, max-image-preview:large, max-video-preview:-1\" \/>\n<link rel=\"canonical\" href=\"https:\/\/casteels-eriksson.com\/es\/renovar\/\" \/>\n<meta property=\"og:locale\" content=\"es_ES\" \/>\n<meta property=\"og:type\" content=\"article\" \/>\n<meta property=\"og:title\" content=\"Renovate Your Property With Us | Casteels &amp; Eriksson\" \/>\n<meta property=\"og:description\" content=\"At Casteels &amp; Eriksson, we don\u2019t just help you find the perfect home \u2014 we also bring new life to existing properties. Transforming homes, elevating lifestyles.\" \/>\n<meta property=\"og:url\" content=\"https:\/\/casteels-eriksson.com\/es\/renovar\/\" \/>\n<meta property=\"og:site_name\" content=\"Casteels &amp; Eriksson\" \/>\n<meta property=\"article:modified_time\" content=\"2025-03-21T12:53:14+00:00\" \/>\n<meta property=\"og:image\" content=\"https:\/\/casteels-eriksson.com\/wp-content\/uploads\/2025\/02\/transformint-homes.jpg\" \/>\n\t<meta property=\"og:image:width\" content=\"1920\" \/>\n\t<meta property=\"og:image:height\" content=\"1080\" \/>\n\t<meta property=\"og:image:type\" content=\"image\/jpeg\" \/>\n<meta name=\"twitter:card\" content=\"summary_large_image\" \/>\n<meta name=\"twitter:label1\" content=\"Tiempo de lectura\" \/>\n\t<meta name=\"twitter:data1\" content=\"3 minutos\" \/>\n<script type=\"application\/ld+json\" class=\"yoast-schema-graph\">{\"@context\":\"https:\\\/\\\/schema.org\",\"@graph\":[{\"@type\":\"WebPage\",\"@id\":\"https:\\\/\\\/casteels-eriksson.com\\\/es\\\/renovar\\\/\",\"url\":\"https:\\\/\\\/casteels-eriksson.com\\\/es\\\/renovar\\\/\",\"name\":\"Renovate Your Property With Us | Casteels & Eriksson\",\"isPartOf\":{\"@id\":\"https:\\\/\\\/casteels-eriksson.com\\\/es\\\/#website\"},\"primaryImageOfPage\":{\"@id\":\"https:\\\/\\\/casteels-eriksson.com\\\/es\\\/renovar\\\/#primaryimage\"},\"image\":{\"@id\":\"https:\\\/\\\/casteels-eriksson.com\\\/es\\\/renovar\\\/#primaryimage\"},\"thumbnailUrl\":\"https:\\\/\\\/casteels-eriksson.com\\\/wp-content\\\/uploads\\\/2025\\\/02\\\/transformint-homes.jpg\",\"datePublished\":\"2025-02-06T09:20:43+00:00\",\"dateModified\":\"2025-03-21T12:53:14+00:00\",\"description\":\"At Casteels & Eriksson, we don\u2019t just help you find the perfect home \u2014 we also bring new life to existing properties. Transforming homes, elevating lifestyles.\",\"breadcrumb\":{\"@id\":\"https:\\\/\\\/casteels-eriksson.com\\\/es\\\/renovar\\\/#breadcrumb\"},\"inLanguage\":\"es\",\"potentialAction\":[{\"@type\":\"ReadAction\",\"target\":[\"https:\\\/\\\/casteels-eriksson.com\\\/es\\\/renovar\\\/\"]}]},{\"@type\":\"ImageObject\",\"inLanguage\":\"es\",\"@id\":\"https:\\\/\\\/casteels-eriksson.com\\\/es\\\/renovar\\\/#primaryimage\",\"url\":\"https:\\\/\\\/casteels-eriksson.com\\\/wp-content\\\/uploads\\\/2025\\\/02\\\/transformint-homes.jpg\",\"contentUrl\":\"https:\\\/\\\/casteels-eriksson.com\\\/wp-content\\\/uploads\\\/2025\\\/02\\\/transformint-homes.jpg\",\"width\":1920,\"height\":1080},{\"@type\":\"BreadcrumbList\",\"@id\":\"https:\\\/\\\/casteels-eriksson.com\\\/es\\\/renovar\\\/#breadcrumb\",\"itemListElement\":[{\"@type\":\"ListItem\",\"position\":1,\"name\":\"Home\",\"item\":\"https:\\\/\\\/casteels-eriksson.com\\\/es\\\/\"},{\"@type\":\"ListItem\",\"position\":2,\"name\":\"Renovar\"}]},{\"@type\":\"WebSite\",\"@id\":\"https:\\\/\\\/casteels-eriksson.com\\\/es\\\/#website\",\"url\":\"https:\\\/\\\/casteels-eriksson.com\\\/es\\\/\",\"name\":\"Casteels &amp; Eriksson\",\"description\":\"Casteels &amp; Eriksson\",\"publisher\":{\"@id\":\"https:\\\/\\\/casteels-eriksson.com\\\/es\\\/#organization\"},\"alternateName\":\"Casteels & Eriksson\",\"potentialAction\":[{\"@type\":\"SearchAction\",\"target\":{\"@type\":\"EntryPoint\",\"urlTemplate\":\"https:\\\/\\\/casteels-eriksson.com\\\/es\\\/?s={search_term_string}\"},\"query-input\":{\"@type\":\"PropertyValueSpecification\",\"valueRequired\":true,\"valueName\":\"search_term_string\"}}],\"inLanguage\":\"es\"},{\"@type\":\"Organization\",\"@id\":\"https:\\\/\\\/casteels-eriksson.com\\\/es\\\/#organization\",\"name\":\"Casteels & Eriksson\",\"alternateName\":\"Casteels & Eriksson\",\"url\":\"https:\\\/\\\/casteels-eriksson.com\\\/es\\\/\",\"logo\":{\"@type\":\"ImageObject\",\"inLanguage\":\"es\",\"@id\":\"https:\\\/\\\/casteels-eriksson.com\\\/es\\\/#\\\/schema\\\/logo\\\/image\\\/\",\"url\":\"https:\\\/\\\/casteels-eriksson.com\\\/wp-content\\\/uploads\\\/2025\\\/02\\\/cropped-logo-casteels.png\",\"contentUrl\":\"https:\\\/\\\/casteels-eriksson.com\\\/wp-content\\\/uploads\\\/2025\\\/02\\\/cropped-logo-casteels.png\",\"width\":512,\"height\":512,\"caption\":\"Casteels & Eriksson\"},\"image\":{\"@id\":\"https:\\\/\\\/casteels-eriksson.com\\\/es\\\/#\\\/schema\\\/logo\\\/image\\\/\"}}]}<\/script>\n<!-- \/ Yoast SEO plugin. -->","yoast_head_json":{"title":"Renovate Your Property With Us | Casteels & Eriksson","description":"At Casteels & Eriksson, we don\u2019t just help you find the perfect home \u2014 we also bring new life to existing properties. Transforming homes, elevating lifestyles.","robots":{"index":"index","follow":"follow","max-snippet":"max-snippet:-1","max-image-preview":"max-image-preview:large","max-video-preview":"max-video-preview:-1"},"canonical":"https:\/\/casteels-eriksson.com\/es\/renovar\/","og_locale":"es_ES","og_type":"article","og_title":"Renovate Your Property With Us | Casteels & Eriksson","og_description":"At Casteels & Eriksson, we don\u2019t just help you find the perfect home \u2014 we also bring new life to existing properties. Transforming homes, elevating lifestyles.","og_url":"https:\/\/casteels-eriksson.com\/es\/renovar\/","og_site_name":"Casteels &amp; Eriksson","article_modified_time":"2025-03-21T12:53:14+00:00","og_image":[{"width":1920,"height":1080,"url":"https:\/\/casteels-eriksson.com\/wp-content\/uploads\/2025\/02\/transformint-homes.jpg","type":"image\/jpeg"}],"twitter_card":"summary_large_image","twitter_misc":{"Tiempo de lectura":"3 minutos"},"schema":{"@context":"https:\/\/schema.org","@graph":[{"@type":"WebPage","@id":"https:\/\/casteels-eriksson.com\/es\/renovar\/","url":"https:\/\/casteels-eriksson.com\/es\/renovar\/","name":"Renovate Your Property With Us | Casteels & Eriksson","isPartOf":{"@id":"https:\/\/casteels-eriksson.com\/es\/#website"},"primaryImageOfPage":{"@id":"https:\/\/casteels-eriksson.com\/es\/renovar\/#primaryimage"},"image":{"@id":"https:\/\/casteels-eriksson.com\/es\/renovar\/#primaryimage"},"thumbnailUrl":"https:\/\/casteels-eriksson.com\/wp-content\/uploads\/2025\/02\/transformint-homes.jpg","datePublished":"2025-02-06T09:20:43+00:00","dateModified":"2025-03-21T12:53:14+00:00","description":"At Casteels & Eriksson, we don\u2019t just help you find the perfect home \u2014 we also bring new life to existing properties. Transforming homes, elevating lifestyles.","breadcrumb":{"@id":"https:\/\/casteels-eriksson.com\/es\/renovar\/#breadcrumb"},"inLanguage":"es","potentialAction":[{"@type":"ReadAction","target":["https:\/\/casteels-eriksson.com\/es\/renovar\/"]}]},{"@type":"ImageObject","inLanguage":"es","@id":"https:\/\/casteels-eriksson.com\/es\/renovar\/#primaryimage","url":"https:\/\/casteels-eriksson.com\/wp-content\/uploads\/2025\/02\/transformint-homes.jpg","contentUrl":"https:\/\/casteels-eriksson.com\/wp-content\/uploads\/2025\/02\/transformint-homes.jpg","width":1920,"height":1080},{"@type":"BreadcrumbList","@id":"https:\/\/casteels-eriksson.com\/es\/renovar\/#breadcrumb","itemListElement":[{"@type":"ListItem","position":1,"name":"Home","item":"https:\/\/casteels-eriksson.com\/es\/"},{"@type":"ListItem","position":2,"name":"Renovar"}]},{"@type":"WebSite","@id":"https:\/\/casteels-eriksson.com\/es\/#website","url":"https:\/\/casteels-eriksson.com\/es\/","name":"Casteels &amp; Eriksson","description":"Casteels &amp; Eriksson","publisher":{"@id":"https:\/\/casteels-eriksson.com\/es\/#organization"},"alternateName":"Casteels & Eriksson","potentialAction":[{"@type":"SearchAction","target":{"@type":"EntryPoint","urlTemplate":"https:\/\/casteels-eriksson.com\/es\/?s={search_term_string}"},"query-input":{"@type":"PropertyValueSpecification","valueRequired":true,"valueName":"search_term_string"}}],"inLanguage":"es"},{"@type":"Organization","@id":"https:\/\/casteels-eriksson.com\/es\/#organization","name":"Casteels & Eriksson","alternateName":"Casteels & Eriksson","url":"https:\/\/casteels-eriksson.com\/es\/","logo":{"@type":"ImageObject","inLanguage":"es","@id":"https:\/\/casteels-eriksson.com\/es\/#\/schema\/logo\/image\/","url":"https:\/\/casteels-eriksson.com\/wp-content\/uploads\/2025\/02\/cropped-logo-casteels.png","contentUrl":"https:\/\/casteels-eriksson.com\/wp-content\/uploads\/2025\/02\/cropped-logo-casteels.png","width":512,"height":512,"caption":"Casteels & Eriksson"},"image":{"@id":"https:\/\/casteels-eriksson.com\/es\/#\/schema\/logo\/image\/"}}]}},"_links":{"self":[{"href":"https:\/\/casteels-eriksson.com\/es\/wp-json\/wp\/v2\/pages\/44","targetHints":{"allow":["GET"]}}],"collection":[{"href":"https:\/\/casteels-eriksson.com\/es\/wp-json\/wp\/v2\/pages"}],"about":[{"href":"https:\/\/casteels-eriksson.com\/es\/wp-json\/wp\/v2\/types\/page"}],"author":[{"embeddable":true,"href":"https:\/\/casteels-eriksson.com\/es\/wp-json\/wp\/v2\/users\/1"}],"replies":[{"embeddable":true,"href":"https:\/\/casteels-eriksson.com\/es\/wp-json\/wp\/v2\/comments?post=44"}],"version-history":[{"count":17,"href":"https:\/\/casteels-eriksson.com\/es\/wp-json\/wp\/v2\/pages\/44\/revisions"}],"predecessor-version":[{"id":1063,"href":"https:\/\/casteels-eriksson.com\/es\/wp-json\/wp\/v2\/pages\/44\/revisions\/1063"}],"wp:featuredmedia":[{"embeddable":true,"href":"https:\/\/casteels-eriksson.com\/es\/wp-json\/wp\/v2\/media\/117"}],"wp:attachment":[{"href":"https:\/\/casteels-eriksson.com\/es\/wp-json\/wp\/v2\/media?parent=44"}],"curies":[{"name":"wp","href":"https:\/\/api.w.org\/{rel}","templated":true}]}}